{"id":1334,"date":"2022-10-17T05:57:22","date_gmt":"2022-10-17T05:57:22","guid":{"rendered":"https:\/\/santuariodharma.es\/index.php\/contact\/"},"modified":"2024-03-31T14:22:44","modified_gmt":"2024-03-31T14:22:44","slug":"contact","status":"publish","type":"page","link":"https:\/\/santuariodharma.es\/index.php\/contact\/","title":{"rendered":"Cont\u00e1ctanos"},"content":{"rendered":"\n<div class=\"wp-block-uagb-container uagb-block-0c5f1f75 alignfull uagb-is-root-container\"><div class=\"uagb-container__shape uagb-container__shape-bottom uagb-container__shape-flip uagb-container__invert\" data-negative=\"false\"><svg xmlns=\"https:\/\/www.w3.org\/2000\/svg\" viewBox=\"0 0 1000 100\" preserveAspectRatio=\"none\"><path class=\"uagb-container__shape-fill\" d=\"M421.9,6.5c22.6-2.5,51.5,0.4,75.5,5.3c23.6,4.9,70.9,23.5,100.5,35.7c75.8,32.2,133.7,44.5,192.6,49.7  c23.6,2.1,48.7,3.5,103.4-2.5c54.7-6,106.2-25.6,106.2-25.6V0H0v30.3c0,0,72,32.6,158.4,30.5c39.2-0.7,92.8-6.7,134-22.4  c21.2-8.1,52.2-18.2,79.7-24.2C399.3,7.9,411.6,7.5,421.9,6.5z\"><\/path><\/svg><\/div><div class=\"uagb-container-inner-blocks-wrap\">\n<div class=\"wp-block-uagb-advanced-heading uagb-block-0fe0919a\"><h2 class=\"uagb-heading-text\">\u00a1Tu apoyo es vital para nosotros! <\/h2><\/div>\n\n\n\n<div class=\"wp-block-uagb-advanced-heading uagb-block-b2ce70a8\"><h6 class=\"uagb-heading-text\"><strong>Si deseas visitarnos, colaborar o tienes alguna pregunta, aqu\u00ed encontrar\u00e1s todas las formas de ponerte en contacto con nosotros. <\/strong><\/h6><\/div>\n\n\n\n<div class=\"wp-block-uagb-advanced-heading uagb-block-e8281ae9\"><h6 class=\"uagb-heading-text\"><strong>Para situaciones urgentes o asuntos que requieran atenci\u00f3n inmediata, por favor, utiliza nuestro correo electr\u00f3nico. Nos comprometemos a responder con la mayor brevedad posible para asegurar el bienestar de nuestros animales y atender tus preocupaciones.<\/strong><\/h6><\/div>\n<\/div><\/div>\n\n\n\n<div class=\"wp-block-group alignfull has-ast-global-color-4-background-color has-background is-layout-flow wp-block-group-is-layout-flow\" style=\"padding-right:var(--wp--preset--spacing--80);padding-left:var(--wp--preset--spacing--80)\">\n<div class=\"wp-block-columns alignwide are-vertically-aligned-center is-layout-flex wp-container-core-columns-is-layout-28f84493 wp-block-columns-is-layout-flex\">\n<div class=\"wp-block-column is-vertically-aligned-center is-layout-flow wp-block-column-is-layout-flow\" style=\"flex-basis:50%\">\n<div class=\"wp-block-group is-layout-flow wp-block-group-is-layout-flow\">\n<h4 class=\"wp-block-heading has-text-align-center has-ast-global-color-0-color has-ast-global-color-4-background-color has-text-color has-background\">CONTACTA CON NOSOTROS<\/h4>\n\n\n\n<h4 class=\"wp-block-heading has-text-align-center has-ast-global-color-0-color has-text-color\">Direcci\u00f3n de correo electr\u00f3nico:<\/h4>\n\n\n\n<div class=\"wp-block-uagb-icon-list uagb-block-42a970d3\"><div class=\"uagb-icon-list__wrap\">\n<div class=\"wp-block-uagb-icon-list-child uagb-block-4c690764\"><span class=\"uagb-icon-list__source-wrap\"><svg xmlns=\"https:\/\/www.w3.org\/2000\/svg\" viewBox=\"0 0 512 512\"><path d=\"M464 64C490.5 64 512 85.49 512 112C512 127.1 504.9 141.3 492.8 150.4L275.2 313.6C263.8 322.1 248.2 322.1 236.8 313.6L19.2 150.4C7.113 141.3 0 127.1 0 112C0 85.49 21.49 64 48 64H464zM217.6 339.2C240.4 356.3 271.6 356.3 294.4 339.2L512 176V384C512 419.3 483.3 448 448 448H64C28.65 448 0 419.3 0 384V176L217.6 339.2z\"><\/path><\/svg><\/span><span class=\"uagb-icon-list__label\">santuariodharma@gmail.com<\/span><\/div>\n<\/div><\/div>\n\n\n\n<h4 class=\"wp-block-heading has-text-align-center has-ast-global-color-0-color has-text-color\" style=\"margin-top:var(--wp--preset--spacing--30);margin-bottom:var(--wp--preset--spacing--30)\">Tambi\u00e9n puedes contactarnos y\/o seguirnos en redes sociales:<\/h4>\n\n\n\n<div class=\"wp-block-uagb-icon-list uagb-block-de7c3dcd\"><div class=\"uagb-icon-list__wrap\">\n<div class=\"wp-block-uagb-icon-list-child uagb-block-504bf4c9\"><a target=\"_blank\" aria-label=\"Elemento de la lista\" rel=\"noopener noreferrer\" href=\"\/\/www.instagram.com\/santuario_dharma\/\"> <\/a><span class=\"uagb-icon-list__source-wrap\"><svg xmlns=\"https:\/\/www.w3.org\/2000\/svg\" viewBox=\"0 0 448 512\"><path d=\"M224.1 141c-63.6 0-114.9 51.3-114.9 114.9s51.3 114.9 114.9 114.9S339 319.5 339 255.9 287.7 141 224.1 141zm0 189.6c-41.1 0-74.7-33.5-74.7-74.7s33.5-74.7 74.7-74.7 74.7 33.5 74.7 74.7-33.6 74.7-74.7 74.7zm146.4-194.3c0 14.9-12 26.8-26.8 26.8-14.9 0-26.8-12-26.8-26.8s12-26.8 26.8-26.8 26.8 12 26.8 26.8zm76.1 27.2c-1.7-35.9-9.9-67.7-36.2-93.9-26.2-26.2-58-34.4-93.9-36.2-37-2.1-147.9-2.1-184.9 0-35.8 1.7-67.6 9.9-93.9 36.1s-34.4 58-36.2 93.9c-2.1 37-2.1 147.9 0 184.9 1.7 35.9 9.9 67.7 36.2 93.9s58 34.4 93.9 36.2c37 2.1 147.9 2.1 184.9 0 35.9-1.7 67.7-9.9 93.9-36.2 26.2-26.2 34.4-58 36.2-93.9 2.1-37 2.1-147.8 0-184.8zM398.8 388c-7.8 19.6-22.9 34.7-42.6 42.6-29.5 11.7-99.5 9-132.1 9s-102.7 2.6-132.1-9c-19.6-7.8-34.7-22.9-42.6-42.6-11.7-29.5-9-99.5-9-132.1s-2.6-102.7 9-132.1c7.8-19.6 22.9-34.7 42.6-42.6 29.5-11.7 99.5-9 132.1-9s102.7-2.6 132.1 9c19.6 7.8 34.7 22.9 42.6 42.6 11.7 29.5 9 99.5 9 132.1s2.7 102.7-9 132.1z\"><\/path><\/svg><\/span><\/div>\n\n\n\n<div class=\"wp-block-uagb-icon-list-child uagb-block-726a4a44\"><a target=\"_self\" aria-label=\"\" rel=\"noopener noreferrer\" href=\"\/\/wa.link\/bb42tl\"> <\/a><span class=\"uagb-icon-list__source-wrap\"><svg xmlns=\"https:\/\/www.w3.org\/2000\/svg\" viewBox=\"0 0 448 512\"><path d=\"M380.9 97.1C339 55.1 283.2 32 223.9 32c-122.4 0-222 99.6-222 222 0 39.1 10.2 77.3 29.6 111L0 480l117.7-30.9c32.4 17.7 68.9 27 106.1 27h.1c122.3 0 224.1-99.6 224.1-222 0-59.3-25.2-115-67.1-157zm-157 341.6c-33.2 0-65.7-8.9-94-25.7l-6.7-4-69.8 18.3L72 359.2l-4.4-7c-18.5-29.4-28.2-63.3-28.2-98.2 0-101.7 82.8-184.5 184.6-184.5 49.3 0 95.6 19.2 130.4 54.1 34.8 34.9 56.2 81.2 56.1 130.5 0 101.8-84.9 184.6-186.6 184.6zm101.2-138.2c-5.5-2.8-32.8-16.2-37.9-18-5.1-1.9-8.8-2.8-12.5 2.8-3.7 5.6-14.3 18-17.6 21.8-3.2 3.7-6.5 4.2-12 1.4-32.6-16.3-54-29.1-75.5-66-5.7-9.8 5.7-9.1 16.3-30.3 1.8-3.7 .9-6.9-.5-9.7-1.4-2.8-12.5-30.1-17.1-41.2-4.5-10.8-9.1-9.3-12.5-9.5-3.2-.2-6.9-.2-10.6-.2-3.7 0-9.7 1.4-14.8 6.9-5.1 5.6-19.4 19-19.4 46.3 0 27.3 19.9 53.7 22.6 57.4 2.8 3.7 39.1 59.7 94.8 83.8 35.2 15.2 49 16.5 66.6 13.9 10.7-1.6 32.8-13.4 37.4-26.4 4.6-13 4.6-24.1 3.2-26.4-1.3-2.5-5-3.9-10.5-6.6z\"><\/path><\/svg><\/span><\/div>\n\n\n\n<div class=\"wp-block-uagb-icon-list-child uagb-block-f777479c\"><a target=\"_self\" aria-label=\" \" rel=\"noopener noreferrer\" href=\"\/\/twitter.com\/santuariodharma\"> <\/a><span class=\"uagb-icon-list__source-wrap\"><svg xmlns=\"https:\/\/www.w3.org\/2000\/svg\" viewBox=\"0 0 512 512\"><path d=\"M459.4 151.7c.325 4.548 .325 9.097 .325 13.65 0 138.7-105.6 298.6-298.6 298.6-59.45 0-114.7-17.22-161.1-47.11 8.447 .974 16.57 1.299 25.34 1.299 49.06 0 94.21-16.57 130.3-44.83-46.13-.975-84.79-31.19-98.11-72.77 6.498 .974 12.99 1.624 19.82 1.624 9.421 0 18.84-1.3 27.61-3.573-48.08-9.747-84.14-51.98-84.14-102.1v-1.299c13.97 7.797 30.21 12.67 47.43 13.32-28.26-18.84-46.78-51.01-46.78-87.39 0-19.49 5.197-37.36 14.29-52.95 51.65 63.67 129.3 105.3 216.4 109.8-1.624-7.797-2.599-15.92-2.599-24.04 0-57.83 46.78-104.9 104.9-104.9 30.21 0 57.5 12.67 76.67 33.14 23.72-4.548 46.46-13.32 66.6-25.34-7.798 24.37-24.37 44.83-46.13 57.83 21.12-2.273 41.58-8.122 60.43-16.24-14.29 20.79-32.16 39.31-52.63 54.25z\"><\/path><\/svg><\/span><\/div>\n\n\n\n<div class=\"wp-block-uagb-icon-list-child uagb-block-9b414552\"><a target=\"_self\" aria-label=\" \" rel=\"noopener noreferrer\" href=\"\/\/www.facebook.com\/p\/Santuario-Dharma-100067775078167\/\"> <\/a><span class=\"uagb-icon-list__source-wrap\"><svg xmlns=\"https:\/\/www.w3.org\/2000\/svg\" viewBox=\"0 0 512 512\"><path d=\"M504 256C504 119 393 8 256 8S8 119 8 256c0 123.8 90.69 226.4 209.3 245V327.7h-63V256h63v-54.64c0-62.15 37-96.48 93.67-96.48 27.14 0 55.52 4.84 55.52 4.84v61h-31.28c-30.8 0-40.41 19.12-40.41 38.73V256h68.78l-11 71.69h-57.78V501C413.3 482.4 504 379.8 504 256z\"><\/path><\/svg><\/span><\/div>\n<\/div><\/div>\n<\/div>\n<\/div>\n\n\n\n<div class=\"wp-block-column is-vertically-aligned-center is-layout-flow wp-block-column-is-layout-flow\" style=\"flex-basis:50%\">\n<p class=\"has-text-align-center has-ast-global-color-0-color has-text-color has-medium-font-size\" style=\"font-style:normal;font-weight:300\"><strong><em>Env\u00edanos un  mensaje completando el siguiente formulario:<\/em><\/strong><\/p>\n\n\n<div class=\"wpforms-container wpforms-block wpforms-block-ca7bbe31-6572-4c07-b2bd-86d408150529\" id=\"wpforms-1762\"><form id=\"wpforms-form-1762\" class=\"wpforms-validate wpforms-form wpforms-ajax-form\" data-formid=\"1762\" method=\"post\" enctype=\"multipart\/form-data\" action=\"\/index.php\/wp-json\/wp\/v2\/pages\/1334\" data-token=\"7c705bee88be43bc60a9fe612cd02556\" data-token-time=\"1777166200\"><noscript class=\"wpforms-error-noscript\">Por favor, activa JavaScript en tu navegador para completar este formulario.<\/noscript><div class=\"wpforms-field-container\"><div id=\"wpforms-1762-field_0-container\" class=\"wpforms-field wpforms-field-name\" data-field-id=\"0\"><label class=\"wpforms-field-label\" for=\"wpforms-1762-field_0\">Nombre <span class=\"wpforms-required-label\">*<\/span><\/label><input type=\"text\" id=\"wpforms-1762-field_0\" class=\"wpforms-field-medium wpforms-field-required\" name=\"wpforms[fields][0]\" required><\/div><div id=\"wpforms-1762-field_4-container\" class=\"wpforms-field wpforms-field-name\" data-field-id=\"4\"><label class=\"wpforms-field-label\" for=\"wpforms-1762-field_4\">Apellidos <span class=\"wpforms-required-label\">*<\/span><\/label><input type=\"text\" id=\"wpforms-1762-field_4\" class=\"wpforms-field-medium wpforms-field-required\" name=\"wpforms[fields][4]\" required><\/div><div id=\"wpforms-1762-field_1-container\" class=\"wpforms-field wpforms-field-email\" data-field-id=\"1\"><label class=\"wpforms-field-label\" for=\"wpforms-1762-field_1\">Correo electr\u00f3nico <span class=\"wpforms-required-label\">*<\/span><\/label><input type=\"email\" id=\"wpforms-1762-field_1\" class=\"wpforms-field-medium wpforms-field-required\" name=\"wpforms[fields][1]\" spellcheck=\"false\" required><\/div><div id=\"wpforms-1762-field_2-container\" class=\"wpforms-field wpforms-field-textarea\" data-field-id=\"2\"><label class=\"wpforms-field-label\" for=\"wpforms-1762-field_2\">Comentario o mensaje<\/label><textarea id=\"wpforms-1762-field_2\" class=\"wpforms-field-medium\" name=\"wpforms[fields][2]\" ><\/textarea><\/div><\/div><!-- .wpforms-field-container --><div class=\"wpforms-submit-container\" ><input type=\"hidden\" name=\"wpforms[id]\" value=\"1762\"><input type=\"hidden\" name=\"page_title\" value=\"\"><input type=\"hidden\" name=\"page_url\" value=\"https:\/\/santuariodharma.es\/index.php\/wp-json\/wp\/v2\/pages\/1334\"><input type=\"hidden\" name=\"url_referer\" value=\"\"><button type=\"submit\" name=\"wpforms[submit]\" id=\"wpforms-submit-1762\" class=\"wpforms-submit\" data-alt-text=\"Enviando...\" data-submit-text=\"Enviar\" aria-live=\"assertive\" value=\"wpforms-submit\">Enviar<\/button><img decoding=\"async\" src=\"https:\/\/santuariodharma.es\/wp-content\/plugins\/wpforms-lite\/assets\/images\/submit-spin.svg\" class=\"wpforms-submit-spinner\" style=\"display: none;\" width=\"26\" height=\"26\" alt=\"Cargando\"><\/div><\/form><\/div>  <!-- .wpforms-container --><\/div>\n<\/div>\n\n\n\n<div class=\"wp-block-uagb-separator uagb-block-b70064f4\"><div class=\"wp-block-uagb-separator__inner\" style=\"--my-background-image:\"><\/div><\/div>\n<\/div>\n","protected":false},"excerpt":{"rendered":"<p>\u00a1Tu apoyo es vital para nosotros! Si deseas visitarnos, colaborar o tienes alguna pregunta, aqu\u00ed encontrar\u00e1s todas las formas de ponerte en contacto con nosotros. Para situaciones urgentes o asuntos que requieran atenci\u00f3n inmediata, por favor, utiliza nuestro correo electr\u00f3nico. Nos comprometemos a responder con la mayor brevedad posible para asegurar el bienestar de nuestros [&hellip;]<\/p>\n","protected":false},"author":1,"featured_media":0,"parent":0,"menu_order":0,"comment_status":"closed","ping_status":"closed","template":"","meta":{"_uag_custom_page_level_css":"","site-sidebar-layout":"default","site-content-layout":"default","ast-site-content-layout":"default","site-content-style":"default","site-sidebar-style":"default","ast-global-header-display":"","ast-banner-title-visibility":"","ast-main-header-display":"","ast-hfb-above-header-display":"","ast-hfb-below-header-display":"","ast-hfb-mobile-header-display":"","site-post-title":"disabled","ast-breadcrumbs-content":"","ast-featured-img":"","footer-sml-layout":"","theme-transparent-header-meta":"","adv-header-id-meta":"","stick-header-meta":"","header-above-stick-meta":"","header-main-stick-meta":"","header-below-stick-meta":"","astra-migrate-meta-layouts":"set","ast-page-background-enabled":"default","ast-page-background-meta":{"desktop":{"background-color":"var(--ast-global-color-4)","background-image":"","background-repeat":"repeat","background-position":"center center","background-size":"auto","background-attachment":"scroll","background-type":"","background-media":"","overlay-type":"","overlay-color":"","overlay-opacity":"","overlay-gradient":""},"tablet":{"background-color":"","background-image":"","background-repeat":"repeat","background-position":"center center","background-size":"auto","background-attachment":"scroll","background-type":"","background-media":"","overlay-type":"","overlay-color":"","overlay-opacity":"","overlay-gradient":""},"mobile":{"background-color":"","background-image":"","background-repeat":"repeat","background-position":"center center","background-size":"auto","background-attachment":"scroll","background-type":"","background-media":"","overlay-type":"","overlay-color":"","overlay-opacity":"","overlay-gradient":""}},"ast-content-background-meta":{"desktop":{"background-color":"var(--ast-global-color-5)","background-image":"","background-repeat":"repeat","background-position":"center center","background-size":"auto","background-attachment":"scroll","background-type":"","background-media":"","overlay-type":"","overlay-color":"","overlay-opacity":"","overlay-gradient":""},"tablet":{"background-color":"var(--ast-global-color-5)","background-image":"","background-repeat":"repeat","background-position":"center center","background-size":"auto","background-attachment":"scroll","background-type":"","background-media":"","overlay-type":"","overlay-color":"","overlay-opacity":"","overlay-gradient":""},"mobile":{"background-color":"var(--ast-global-color-5)","background-image":"","background-repeat":"repeat","background-position":"center center","background-size":"auto","background-attachment":"scroll","background-type":"","background-media":"","overlay-type":"","overlay-color":"","overlay-opacity":"","overlay-gradient":""}},"footnotes":""},"class_list":["post-1334","page","type-page","status-publish","hentry"],"yoast_head":"<!-- This site is optimized with the Yoast SEO plugin v26.0 - https:\/\/yoast.com\/wordpress\/plugins\/seo\/ -->\n<title>Cont\u00e1ctanos - Santuario Dharma<\/title>\n<meta name=\"robots\" content=\"index, follow, max-snippet:-1, max-image-preview:large, max-video-preview:-1\" \/>\n<link rel=\"canonical\" href=\"https:\/\/santuariodharma.es\/index.php\/contact\/\" \/>\n<meta property=\"og:locale\" content=\"es_ES\" \/>\n<meta property=\"og:type\" content=\"article\" \/>\n<meta property=\"og:title\" content=\"Cont\u00e1ctanos - Santuario Dharma\" \/>\n<meta property=\"og:description\" content=\"\u00a1Tu apoyo es vital para nosotros! Si deseas visitarnos, colaborar o tienes alguna pregunta, aqu\u00ed encontrar\u00e1s todas las formas de ponerte en contacto con nosotros. Para situaciones urgentes o asuntos que requieran atenci\u00f3n inmediata, por favor, utiliza nuestro correo electr\u00f3nico. Nos comprometemos a responder con la mayor brevedad posible para asegurar el bienestar de nuestros [&hellip;]\" \/>\n<meta property=\"og:url\" content=\"https:\/\/santuariodharma.es\/index.php\/contact\/\" \/>\n<meta property=\"og:site_name\" content=\"Santuario Dharma\" \/>\n<meta property=\"article:modified_time\" content=\"2024-03-31T14:22:44+00:00\" \/>\n<meta name=\"twitter:card\" content=\"summary_large_image\" \/>\n<meta name=\"twitter:label1\" content=\"Tiempo de lectura\" \/>\n\t<meta name=\"twitter:data1\" content=\"1 minuto\" \/>\n<script type=\"application\/ld+json\" class=\"yoast-schema-graph\">{\"@context\":\"https:\/\/schema.org\",\"@graph\":[{\"@type\":\"WebPage\",\"@id\":\"https:\/\/santuariodharma.es\/index.php\/contact\/\",\"url\":\"https:\/\/santuariodharma.es\/index.php\/contact\/\",\"name\":\"Cont\u00e1ctanos - Santuario Dharma\",\"isPartOf\":{\"@id\":\"https:\/\/santuariodharma.es\/#website\"},\"datePublished\":\"2022-10-17T05:57:22+00:00\",\"dateModified\":\"2024-03-31T14:22:44+00:00\",\"breadcrumb\":{\"@id\":\"https:\/\/santuariodharma.es\/index.php\/contact\/#breadcrumb\"},\"inLanguage\":\"es\",\"potentialAction\":[{\"@type\":\"ReadAction\",\"target\":[\"https:\/\/santuariodharma.es\/index.php\/contact\/\"]}]},{\"@type\":\"BreadcrumbList\",\"@id\":\"https:\/\/santuariodharma.es\/index.php\/contact\/#breadcrumb\",\"itemListElement\":[{\"@type\":\"ListItem\",\"position\":1,\"name\":\"Portada\",\"item\":\"https:\/\/santuariodharma.es\/\"},{\"@type\":\"ListItem\",\"position\":2,\"name\":\"Cont\u00e1ctanos\"}]},{\"@type\":\"WebSite\",\"@id\":\"https:\/\/santuariodharma.es\/#website\",\"url\":\"https:\/\/santuariodharma.es\/\",\"name\":\"Santuario Dharma\",\"description\":\"Santuario de animales\",\"publisher\":{\"@id\":\"https:\/\/santuariodharma.es\/#organization\"},\"potentialAction\":[{\"@type\":\"SearchAction\",\"target\":{\"@type\":\"EntryPoint\",\"urlTemplate\":\"https:\/\/santuariodharma.es\/?s={search_term_string}\"},\"query-input\":{\"@type\":\"PropertyValueSpecification\",\"valueRequired\":true,\"valueName\":\"search_term_string\"}}],\"inLanguage\":\"es\"},{\"@type\":\"Organization\",\"@id\":\"https:\/\/santuariodharma.es\/#organization\",\"name\":\"Santuario Dharma\",\"url\":\"https:\/\/santuariodharma.es\/\",\"logo\":{\"@type\":\"ImageObject\",\"inLanguage\":\"es\",\"@id\":\"https:\/\/santuariodharma.es\/#\/schema\/logo\/image\/\",\"url\":\"https:\/\/santuariodharma.es\/wp-content\/uploads\/2023\/06\/santuario-dharma-low-resolution-logo-black-on-transparent-background.png\",\"contentUrl\":\"https:\/\/santuariodharma.es\/wp-content\/uploads\/2023\/06\/santuario-dharma-low-resolution-logo-black-on-transparent-background.png\",\"width\":1000,\"height\":270,\"caption\":\"Santuario Dharma\"},\"image\":{\"@id\":\"https:\/\/santuariodharma.es\/#\/schema\/logo\/image\/\"}}]}<\/script>\n<!-- \/ Yoast SEO plugin. -->","yoast_head_json":{"title":"Cont\u00e1ctanos - Santuario Dharma","robots":{"index":"index","follow":"follow","max-snippet":"max-snippet:-1","max-image-preview":"max-image-preview:large","max-video-preview":"max-video-preview:-1"},"canonical":"https:\/\/santuariodharma.es\/index.php\/contact\/","og_locale":"es_ES","og_type":"article","og_title":"Cont\u00e1ctanos - Santuario Dharma","og_description":"\u00a1Tu apoyo es vital para nosotros! Si deseas visitarnos, colaborar o tienes alguna pregunta, aqu\u00ed encontrar\u00e1s todas las formas de ponerte en contacto con nosotros. Para situaciones urgentes o asuntos que requieran atenci\u00f3n inmediata, por favor, utiliza nuestro correo electr\u00f3nico. Nos comprometemos a responder con la mayor brevedad posible para asegurar el bienestar de nuestros [&hellip;]","og_url":"https:\/\/santuariodharma.es\/index.php\/contact\/","og_site_name":"Santuario Dharma","article_modified_time":"2024-03-31T14:22:44+00:00","twitter_card":"summary_large_image","twitter_misc":{"Tiempo de lectura":"1 minuto"},"schema":{"@context":"https:\/\/schema.org","@graph":[{"@type":"WebPage","@id":"https:\/\/santuariodharma.es\/index.php\/contact\/","url":"https:\/\/santuariodharma.es\/index.php\/contact\/","name":"Cont\u00e1ctanos - Santuario Dharma","isPartOf":{"@id":"https:\/\/santuariodharma.es\/#website"},"datePublished":"2022-10-17T05:57:22+00:00","dateModified":"2024-03-31T14:22:44+00:00","breadcrumb":{"@id":"https:\/\/santuariodharma.es\/index.php\/contact\/#breadcrumb"},"inLanguage":"es","potentialAction":[{"@type":"ReadAction","target":["https:\/\/santuariodharma.es\/index.php\/contact\/"]}]},{"@type":"BreadcrumbList","@id":"https:\/\/santuariodharma.es\/index.php\/contact\/#breadcrumb","itemListElement":[{"@type":"ListItem","position":1,"name":"Portada","item":"https:\/\/santuariodharma.es\/"},{"@type":"ListItem","position":2,"name":"Cont\u00e1ctanos"}]},{"@type":"WebSite","@id":"https:\/\/santuariodharma.es\/#website","url":"https:\/\/santuariodharma.es\/","name":"Santuario Dharma","description":"Santuario de animales","publisher":{"@id":"https:\/\/santuariodharma.es\/#organization"},"potentialAction":[{"@type":"SearchAction","target":{"@type":"EntryPoint","urlTemplate":"https:\/\/santuariodharma.es\/?s={search_term_string}"},"query-input":{"@type":"PropertyValueSpecification","valueRequired":true,"valueName":"search_term_string"}}],"inLanguage":"es"},{"@type":"Organization","@id":"https:\/\/santuariodharma.es\/#organization","name":"Santuario Dharma","url":"https:\/\/santuariodharma.es\/","logo":{"@type":"ImageObject","inLanguage":"es","@id":"https:\/\/santuariodharma.es\/#\/schema\/logo\/image\/","url":"https:\/\/santuariodharma.es\/wp-content\/uploads\/2023\/06\/santuario-dharma-low-resolution-logo-black-on-transparent-background.png","contentUrl":"https:\/\/santuariodharma.es\/wp-content\/uploads\/2023\/06\/santuario-dharma-low-resolution-logo-black-on-transparent-background.png","width":1000,"height":270,"caption":"Santuario Dharma"},"image":{"@id":"https:\/\/santuariodharma.es\/#\/schema\/logo\/image\/"}}]}},"uagb_featured_image_src":{"full":false,"thumbnail":false,"medium":false,"medium_large":false,"large":false,"1536x1536":false,"2048x2048":false,"mailpoet_newsletter_max":false,"woocommerce_thumbnail":false,"woocommerce_single":false,"woocommerce_gallery_thumbnail":false},"uagb_author_info":{"display_name":"santuariodharma.es","author_link":"https:\/\/santuariodharma.es\/index.php\/author\/santuariodharma-es\/"},"uagb_comment_info":0,"uagb_excerpt":"\u00a1Tu apoyo es vital para nosotros! Si deseas visitarnos, colaborar o tienes alguna pregunta, aqu\u00ed encontrar\u00e1s todas las formas de ponerte en contacto con nosotros. Para situaciones urgentes o asuntos que requieran atenci\u00f3n inmediata, por favor, utiliza nuestro correo electr\u00f3nico. Nos comprometemos a responder con la mayor brevedad posible para asegurar el bienestar de nuestros&hellip;","jetpack_sharing_enabled":true,"_links":{"self":[{"href":"https:\/\/santuariodharma.es\/index.php\/wp-json\/wp\/v2\/pages\/1334","targetHints":{"allow":["GET"]}}],"collection":[{"href":"https:\/\/santuariodharma.es\/index.php\/wp-json\/wp\/v2\/pages"}],"about":[{"href":"https:\/\/santuariodharma.es\/index.php\/wp-json\/wp\/v2\/types\/page"}],"author":[{"embeddable":true,"href":"https:\/\/santuariodharma.es\/index.php\/wp-json\/wp\/v2\/users\/1"}],"replies":[{"embeddable":true,"href":"https:\/\/santuariodharma.es\/index.php\/wp-json\/wp\/v2\/comments?post=1334"}],"version-history":[{"count":20,"href":"https:\/\/santuariodharma.es\/index.php\/wp-json\/wp\/v2\/pages\/1334\/revisions"}],"predecessor-version":[{"id":2010,"href":"https:\/\/santuariodharma.es\/index.php\/wp-json\/wp\/v2\/pages\/1334\/revisions\/2010"}],"wp:attachment":[{"href":"https:\/\/santuariodharma.es\/index.php\/wp-json\/wp\/v2\/media?parent=1334"}],"curies":[{"name":"wp","href":"https:\/\/api.w.org\/{rel}","templated":true}]}}