{"id":2143,"date":"2024-04-11T14:27:55","date_gmt":"2024-04-11T14:27:55","guid":{"rendered":"https:\/\/santuariodharma.es\/?page_id=2143"},"modified":"2024-04-11T14:40:04","modified_gmt":"2024-04-11T14:40:04","slug":"donaciones","status":"publish","type":"page","link":"https:\/\/santuariodharma.es\/index.php\/donaciones\/","title":{"rendered":"Donaciones"},"content":{"rendered":"\n<div class=\"wp-block-uagb-container uagb-block-995f4499 alignfull uagb-is-root-container\"><div class=\"uagb-container__shape uagb-container__shape-bottom uagb-container__invert\" data-negative=\"false\"><svg xmlns=\"https:\/\/www.w3.org\/2000\/svg\" viewBox=\"0 0 1000 100\" preserveAspectRatio=\"none\"><path class=\"uagb-container__shape-fill\" d=\"M421.9,6.5c22.6-2.5,51.5,0.4,75.5,5.3c23.6,4.9,70.9,23.5,100.5,35.7c75.8,32.2,133.7,44.5,192.6,49.7  c23.6,2.1,48.7,3.5,103.4-2.5c54.7-6,106.2-25.6,106.2-25.6V0H0v30.3c0,0,72,32.6,158.4,30.5c39.2-0.7,92.8-6.7,134-22.4  c21.2-8.1,52.2-18.2,79.7-24.2C399.3,7.9,411.6,7.5,421.9,6.5z\"><\/path><\/svg><\/div><div class=\"uagb-container-inner-blocks-wrap\"><\/div><\/div>\n\n\n\n<div class=\"wp-block-group alignfull has-ast-global-color-4-background-color has-background is-layout-flow wp-block-group-is-layout-flow\">\n<h2 class=\"wp-block-heading has-text-align-center has-ast-global-color-0-color has-text-color has-large-font-size\" style=\"padding-top:var(--wp--preset--spacing--30);padding-bottom:var(--wp--preset--spacing--30);font-style:italic;font-weight:600\">Tu apoyo marca la diferencia<\/h2>\n\n\n\n<p class=\"has-text-align-center has-ast-global-color-1-color has-text-color\" style=\"margin-top:var(--wp--preset--spacing--60);margin-right:var(--wp--preset--spacing--50);margin-bottom:var(--wp--preset--spacing--60);margin-left:var(--wp--preset--spacing--50);font-size:16px\"><strong><em>En Santuario Dharma pensamos que cada animal merece una segunda oportunidad y un hogar lleno de amor. Con tu donaci\u00f3n, podemos continuar nuestra misi\u00f3n de rescatar, rehabilitar y cuidar a los animales que m\u00e1s lo necesitan.<\/em><\/strong><\/p>\n\n\n\n<div class=\"wp-block-uagb-separator uagb-block-8b99b4e2 wp-block-uagb-separator--text\"><div class=\"wp-block-uagb-separator__inner\" style=\"--my-background-image:\"><div class=\"wp-block-uagb-separator-element\"><h5 class=\"uagb-html-tag\">\u00bfC\u00f3mo ayudan tus donaciones?<\/h5><\/div><\/div><\/div>\n<\/div>\n\n\n\n<div class=\"wp-block-group alignfull has-ast-global-color-4-background-color has-background is-layout-flow wp-container-core-group-is-layout-cb1d26e2 wp-block-group-is-layout-flow\" style=\"border-style:none;border-width:0px;border-radius:0px;min-height:0px;padding-top:0;padding-right:var(--wp--preset--spacing--30);padding-bottom:0;padding-left:var(--wp--preset--spacing--30)\">\n<div class=\"wp-block-columns alignwide are-vertically-aligned-center has-ast-global-color-4-color has-text-color is-layout-flex wp-container-core-columns-is-layout-28f84493 wp-block-columns-is-layout-flex\">\n<div class=\"wp-block-column is-vertically-aligned-center has-ast-global-color-4-background-color has-background is-layout-flow wp-block-column-is-layout-flow\">\n<figure class=\"wp-block-image aligncenter size-large is-resized is-style-rounded\"><img fetchpriority=\"high\" decoding=\"async\" width=\"1024\" height=\"1024\" src=\"http:\/\/santuariodharma.es\/wp-content\/uploads\/2024\/03\/20240320_190329-1024x1024.jpg\" alt=\"\" class=\"wp-image-2022\" style=\"aspect-ratio:1;width:116px;height:auto\" srcset=\"https:\/\/santuariodharma.es\/wp-content\/uploads\/2024\/03\/20240320_190329-1024x1024.jpg 1024w, https:\/\/santuariodharma.es\/wp-content\/uploads\/2024\/03\/20240320_190329-300x300.jpg 300w, https:\/\/santuariodharma.es\/wp-content\/uploads\/2024\/03\/20240320_190329-150x150.jpg 150w, https:\/\/santuariodharma.es\/wp-content\/uploads\/2024\/03\/20240320_190329-768x768.jpg 768w, https:\/\/santuariodharma.es\/wp-content\/uploads\/2024\/03\/20240320_190329-1536x1536.jpg 1536w, https:\/\/santuariodharma.es\/wp-content\/uploads\/2024\/03\/20240320_190329-2048x2048.jpg 2048w, https:\/\/santuariodharma.es\/wp-content\/uploads\/2024\/03\/20240320_190329-1320x1320.jpg 1320w, https:\/\/santuariodharma.es\/wp-content\/uploads\/2024\/03\/20240320_190329-600x600.jpg 600w, https:\/\/santuariodharma.es\/wp-content\/uploads\/2024\/03\/20240320_190329-100x100.jpg 100w\" sizes=\"(max-width: 1024px) 100vw, 1024px\" \/><\/figure>\n\n\n\n<h3 class=\"wp-block-heading has-text-align-center has-ast-global-color-0-color has-text-color\">Alimentaci\u00f3n y cuidados<\/h3>\n\n\n\n<p class=\"has-text-align-center has-ast-global-color-1-color has-text-color\" style=\"margin-right:var(--wp--preset--spacing--30);margin-left:var(--wp--preset--spacing--30);padding-right:var(--wp--preset--spacing--50);padding-left:var(--wp--preset--spacing--50)\"><strong><em>Tu contribuci\u00f3n ir\u00e1 destinada a proporcionar a los habitantes una alimentaci\u00f3n nutritiva, as\u00ed como otros cuidados b\u00e1sicos y veterinarios.<\/em><\/strong><\/p>\n<\/div>\n\n\n\n<div class=\"wp-block-column is-vertically-aligned-center has-ast-global-color-4-background-color has-background is-layout-flow wp-block-column-is-layout-flow\">\n<figure class=\"wp-block-image aligncenter size-large is-resized is-style-rounded\"><img decoding=\"async\" width=\"1024\" height=\"1024\" src=\"http:\/\/santuariodharma.es\/wp-content\/uploads\/2024\/03\/20240106_132202-1024x1024.jpg\" alt=\"\" class=\"wp-image-2024\" style=\"aspect-ratio:1;width:124px;height:auto\" srcset=\"https:\/\/santuariodharma.es\/wp-content\/uploads\/2024\/03\/20240106_132202-1024x1024.jpg 1024w, https:\/\/santuariodharma.es\/wp-content\/uploads\/2024\/03\/20240106_132202-300x300.jpg 300w, https:\/\/santuariodharma.es\/wp-content\/uploads\/2024\/03\/20240106_132202-150x150.jpg 150w, https:\/\/santuariodharma.es\/wp-content\/uploads\/2024\/03\/20240106_132202-768x768.jpg 768w, https:\/\/santuariodharma.es\/wp-content\/uploads\/2024\/03\/20240106_132202-1536x1536.jpg 1536w, https:\/\/santuariodharma.es\/wp-content\/uploads\/2024\/03\/20240106_132202-2048x2048.jpg 2048w, https:\/\/santuariodharma.es\/wp-content\/uploads\/2024\/03\/20240106_132202-1320x1320.jpg 1320w, https:\/\/santuariodharma.es\/wp-content\/uploads\/2024\/03\/20240106_132202-600x600.jpg 600w, https:\/\/santuariodharma.es\/wp-content\/uploads\/2024\/03\/20240106_132202-100x100.jpg 100w\" sizes=\"(max-width: 1024px) 100vw, 1024px\" \/><\/figure>\n\n\n\n<h3 class=\"wp-block-heading has-text-align-center has-ast-global-color-0-color has-text-color\">Mejoras en el Santuario<\/h3>\n\n\n\n<p class=\"has-text-align-center has-ast-global-color-1-color has-text-color\" style=\"margin-right:var(--wp--preset--spacing--30);margin-left:var(--wp--preset--spacing--30);padding-top:0;padding-right:var(--wp--preset--spacing--50);padding-bottom:0;padding-left:var(--wp--preset--spacing--50)\"><em><strong>Gracias a tu ayuda podremos mejorar las instalaciones, lo que supone un impacto positivo en la calidad de vida de los animales.<\/strong><\/em><\/p>\n<\/div>\n<\/div>\n<\/div>\n\n\n\n<div class=\"wp-block-uagb-container uagb-block-f8c4bcbe alignfull uagb-is-root-container\"><div class=\"uagb-container-inner-blocks-wrap\">\n<div class=\"wp-block-uagb-separator uagb-block-8eab6884\"><div class=\"wp-block-uagb-separator__inner\" style=\"--my-background-image:\"><\/div><\/div>\n<\/div><\/div>\n\n\n\n<div class=\"wp-block-uagb-container uagb-block-794942a0 alignfull uagb-is-root-container\"><div class=\"uagb-container-inner-blocks-wrap\">\n<div class=\"wp-block-uagb-container uagb-block-2a15b692\">\n<div class=\"wp-block-uagb-container uagb-block-3bcdd334\">\n<p style=\"margin-top:0;margin-bottom:0;padding-top:0;padding-bottom:0;font-style:italic;font-weight:500\">Para realizar una donaci\u00f3n cubra el siguiente formulario:<\/p>\n\n\n<div class=\"wpforms-container wpforms-block wpforms-block-3ba048fe-242c-44e0-994d-f5c4e849693c\" id=\"wpforms-2158\"><form id=\"wpforms-form-2158\" class=\"wpforms-validate wpforms-form wpforms-ajax-form\" data-formid=\"2158\" method=\"post\" enctype=\"multipart\/form-data\" action=\"\/index.php\/wp-json\/wp\/v2\/pages\/2143\" data-token=\"031fa83ec41e2c26562e91391b612102\" data-token-time=\"1777171303\"><noscript class=\"wpforms-error-noscript\">Por favor, activa JavaScript en tu navegador para completar este formulario.<\/noscript><div class=\"wpforms-field-container\"><div id=\"wpforms-2158-field_0-container\" class=\"wpforms-field wpforms-field-name\" data-field-id=\"0\"><label class=\"wpforms-field-label\" for=\"wpforms-2158-field_0\">Nombre <span class=\"wpforms-required-label\">*<\/span><\/label><input type=\"text\" id=\"wpforms-2158-field_0\" class=\"wpforms-field-small wpforms-field-required\" name=\"wpforms[fields][0]\" required><\/div><div id=\"wpforms-2158-field_4-container\" class=\"wpforms-field wpforms-field-text\" data-field-id=\"4\"><label class=\"wpforms-field-label\" for=\"wpforms-2158-field_4\">Apellidos <span class=\"wpforms-required-label\">*<\/span><\/label><input type=\"text\" id=\"wpforms-2158-field_4\" class=\"wpforms-field-medium wpforms-field-required\" name=\"wpforms[fields][4]\" required><\/div><div id=\"wpforms-2158-field_1-container\" class=\"wpforms-field wpforms-field-email\" data-field-id=\"1\"><label class=\"wpforms-field-label\" for=\"wpforms-2158-field_1\">Correo electr\u00f3nico <span class=\"wpforms-required-label\">*<\/span><\/label><input type=\"email\" id=\"wpforms-2158-field_1\" class=\"wpforms-field-medium wpforms-field-required\" name=\"wpforms[fields][1]\" spellcheck=\"false\" required><\/div><div id=\"wpforms-2158-field_5-container\" class=\"wpforms-field wpforms-field-select wpforms-field-select-style-modern\" data-field-id=\"5\"><label class=\"wpforms-field-label\" for=\"wpforms-2158-field_5\">M\u00e9todo de pago <span class=\"wpforms-required-label\">*<\/span><\/label><select id=\"wpforms-2158-field_5\" class=\"wpforms-field-medium wpforms-field-required choicesjs-select\" data-size-class=\"wpforms-field-row wpforms-field-medium\" data-search-enabled=\"\" name=\"wpforms[fields][5]\" required=\"required\"><option value=\"\" class=\"placeholder\" disabled  selected='selected'><\/option><option value=\"Cargo cuenta\" >Cargo cuenta<\/option><option value=\"Bizum\" >Bizum<\/option><option value=\"Paypal\" >Paypal<\/option><\/select><\/div><div id=\"wpforms-2158-field_6-container\" class=\"wpforms-field wpforms-field-number\" data-field-id=\"6\"><label class=\"wpforms-field-label\" for=\"wpforms-2158-field_6\">Cantidad que desea donar <span class=\"wpforms-required-label\">*<\/span><\/label><input type=\"number\" id=\"wpforms-2158-field_6\" class=\"wpforms-field-medium wpforms-field-required\" name=\"wpforms[fields][6]\" step=\"any\" required><\/div><div id=\"wpforms-2158-field_7-container\" class=\"wpforms-field wpforms-field-radio\" data-field-id=\"7\"><label class=\"wpforms-field-label\">\u00bfDeseas que se trate de una donaci\u00f3n an\u00f3nima? <span class=\"wpforms-required-label\">*<\/span><\/label><ul id=\"wpforms-2158-field_7\" class=\"wpforms-field-required\"><li class=\"choice-1 depth-1\"><input type=\"radio\" id=\"wpforms-2158-field_7_1\" name=\"wpforms[fields][7]\" value=\"S\u00ed\" required ><label class=\"wpforms-field-label-inline\" for=\"wpforms-2158-field_7_1\">S\u00ed<\/label><\/li><li class=\"choice-2 depth-1\"><input type=\"radio\" id=\"wpforms-2158-field_7_2\" name=\"wpforms[fields][7]\" value=\"No\" required ><label class=\"wpforms-field-label-inline\" for=\"wpforms-2158-field_7_2\">No<\/label><\/li><\/ul><\/div><div id=\"wpforms-2158-field_2-container\" class=\"wpforms-field wpforms-field-textarea\" data-field-id=\"2\"><label class=\"wpforms-field-label\" for=\"wpforms-2158-field_2\">Comentario o mensaje<\/label><textarea id=\"wpforms-2158-field_2\" class=\"wpforms-field-medium\" name=\"wpforms[fields][2]\" ><\/textarea><\/div><\/div><!-- .wpforms-field-container --><div class=\"wpforms-submit-container\" ><input type=\"hidden\" name=\"wpforms[id]\" value=\"2158\"><input type=\"hidden\" name=\"page_title\" value=\"\"><input type=\"hidden\" name=\"page_url\" value=\"https:\/\/santuariodharma.es\/index.php\/wp-json\/wp\/v2\/pages\/2143\"><input type=\"hidden\" name=\"url_referer\" value=\"\"><button type=\"submit\" name=\"wpforms[submit]\" id=\"wpforms-submit-2158\" class=\"wpforms-submit\" data-alt-text=\"Enviando...\" data-submit-text=\"Enviar\" aria-live=\"assertive\" value=\"wpforms-submit\">Enviar<\/button><img decoding=\"async\" src=\"https:\/\/santuariodharma.es\/wp-content\/plugins\/wpforms-lite\/assets\/images\/submit-spin.svg\" class=\"wpforms-submit-spinner\" style=\"display: none;\" width=\"26\" height=\"26\" alt=\"Cargando\"><\/div><\/form><\/div>  <!-- .wpforms-container -->\n\n\n<div class=\"wp-block-uagb-container uagb-block-1d51c0aa\">\n<h5 class=\"wp-block-heading has-text-align-center\">Tambi\u00e9n puedes donarnos comprando directamente en nuestra tienda<\/h5>\n\n\n\n<div class=\"wp-block-uagb-buttons uagb-buttons__outer-wrap uagb-btn__default-btn uagb-btn-tablet__default-btn uagb-btn-mobile__default-btn uagb-block-df48bc9c\"><div class=\"uagb-buttons__wrap uagb-buttons-layout-wrap\">\n<div class=\"wp-block-uagb-buttons-child uagb-buttons__outer-wrap uagb-block-d9002141 wp-block-button\"><div class=\"uagb-button__wrapper\"><a class=\"uagb-buttons-repeater wp-block-button__link\" href=\"#\" onclick=\"return false;\" rel=\"follow noopener\" target=\"_self\"><div class=\"uagb-button__link\">En construcci\u00f3n<\/div><\/a><\/div><\/div>\n<\/div><\/div>\n<\/div>\n<\/div>\n\n\n\n<h4 class=\"wp-block-heading has-text-align-center has-ast-global-color-0-color has-text-color\">\u00a1\u00danete a nuestra comunidad de defensores de los animales y haz tu donaci\u00f3n hoy!<\/h4>\n<\/div>\n<\/div><\/div>\n","protected":false},"excerpt":{"rendered":"<p>Tu apoyo marca la diferencia En Santuario Dharma pensamos que cada animal merece una segunda oportunidad y un hogar lleno de amor. Con tu donaci\u00f3n, podemos continuar nuestra misi\u00f3n de rescatar, rehabilitar y cuidar a los animales que m\u00e1s lo necesitan. Alimentaci\u00f3n y cuidados Tu contribuci\u00f3n ir\u00e1 destinada a proporcionar a los habitantes una alimentaci\u00f3n [&hellip;]<\/p>\n","protected":false},"author":1,"featured_media":0,"parent":0,"menu_order":0,"comment_status":"closed","ping_status":"closed","template":"","meta":{"_uag_custom_page_level_css":"","site-sidebar-layout":"default","site-content-layout":"","ast-site-content-layout":"default","site-content-style":"default","site-sidebar-style":"default","ast-global-header-display":"","ast-banner-title-visibility":"","ast-main-header-display":"","ast-hfb-above-header-display":"","ast-hfb-below-header-display":"","ast-hfb-mobile-header-display":"","site-post-title":"","ast-breadcrumbs-content":"","ast-featured-img":"","footer-sml-layout":"","theme-transparent-header-meta":"","adv-header-id-meta":"","stick-header-meta":"","header-above-stick-meta":"","header-main-stick-meta":"","header-below-stick-meta":"","astra-migrate-meta-layouts":"set","ast-page-background-enabled":"default","ast-page-background-meta":{"desktop":{"background-color":"var(--ast-global-color-4)","background-image":"","background-repeat":"repeat","background-position":"center center","background-size":"auto","background-attachment":"scroll","background-type":"","background-media":"","overlay-type":"","overlay-color":"","overlay-opacity":"","overlay-gradient":""},"tablet":{"background-color":"","background-image":"","background-repeat":"repeat","background-position":"center center","background-size":"auto","background-attachment":"scroll","background-type":"","background-media":"","overlay-type":"","overlay-color":"","overlay-opacity":"","overlay-gradient":""},"mobile":{"background-color":"","background-image":"","background-repeat":"repeat","background-position":"center center","background-size":"auto","background-attachment":"scroll","background-type":"","background-media":"","overlay-type":"","overlay-color":"","overlay-opacity":"","overlay-gradient":""}},"ast-content-background-meta":{"desktop":{"background-color":"var(--ast-global-color-5)","background-image":"","background-repeat":"repeat","background-position":"center center","background-size":"auto","background-attachment":"scroll","background-type":"","background-media":"","overlay-type":"","overlay-color":"","overlay-opacity":"","overlay-gradient":""},"tablet":{"background-color":"var(--ast-global-color-5)","background-image":"","background-repeat":"repeat","background-position":"center center","background-size":"auto","background-attachment":"scroll","background-type":"","background-media":"","overlay-type":"","overlay-color":"","overlay-opacity":"","overlay-gradient":""},"mobile":{"background-color":"var(--ast-global-color-5)","background-image":"","background-repeat":"repeat","background-position":"center center","background-size":"auto","background-attachment":"scroll","background-type":"","background-media":"","overlay-type":"","overlay-color":"","overlay-opacity":"","overlay-gradient":""}},"footnotes":""},"class_list":["post-2143","page","type-page","status-publish","hentry"],"yoast_head":"<!-- This site is optimized with the Yoast SEO plugin v26.0 - https:\/\/yoast.com\/wordpress\/plugins\/seo\/ -->\n<title>Donaciones - Santuario Dharma<\/title>\n<meta name=\"robots\" content=\"index, follow, max-snippet:-1, max-image-preview:large, max-video-preview:-1\" \/>\n<link rel=\"canonical\" href=\"https:\/\/santuariodharma.es\/index.php\/donaciones\/\" \/>\n<meta property=\"og:locale\" content=\"es_ES\" \/>\n<meta property=\"og:type\" content=\"article\" \/>\n<meta property=\"og:title\" content=\"Donaciones - Santuario Dharma\" \/>\n<meta property=\"og:description\" content=\"Tu apoyo marca la diferencia En Santuario Dharma pensamos que cada animal merece una segunda oportunidad y un hogar lleno de amor. Con tu donaci\u00f3n, podemos continuar nuestra misi\u00f3n de rescatar, rehabilitar y cuidar a los animales que m\u00e1s lo necesitan. Alimentaci\u00f3n y cuidados Tu contribuci\u00f3n ir\u00e1 destinada a proporcionar a los habitantes una alimentaci\u00f3n [&hellip;]\" \/>\n<meta property=\"og:url\" content=\"https:\/\/santuariodharma.es\/index.php\/donaciones\/\" \/>\n<meta property=\"og:site_name\" content=\"Santuario Dharma\" \/>\n<meta property=\"article:modified_time\" content=\"2024-04-11T14:40:04+00:00\" \/>\n<meta property=\"og:image\" content=\"http:\/\/santuariodharma.es\/wp-content\/uploads\/2024\/03\/20240320_190329-1024x1024.jpg\" \/>\n<meta name=\"twitter:card\" content=\"summary_large_image\" \/>\n<meta name=\"twitter:label1\" content=\"Tiempo de lectura\" \/>\n\t<meta name=\"twitter:data1\" content=\"1 minuto\" \/>\n<script type=\"application\/ld+json\" class=\"yoast-schema-graph\">{\"@context\":\"https:\/\/schema.org\",\"@graph\":[{\"@type\":\"WebPage\",\"@id\":\"https:\/\/santuariodharma.es\/index.php\/donaciones\/\",\"url\":\"https:\/\/santuariodharma.es\/index.php\/donaciones\/\",\"name\":\"Donaciones - Santuario Dharma\",\"isPartOf\":{\"@id\":\"https:\/\/santuariodharma.es\/#website\"},\"primaryImageOfPage\":{\"@id\":\"https:\/\/santuariodharma.es\/index.php\/donaciones\/#primaryimage\"},\"image\":{\"@id\":\"https:\/\/santuariodharma.es\/index.php\/donaciones\/#primaryimage\"},\"thumbnailUrl\":\"http:\/\/santuariodharma.es\/wp-content\/uploads\/2024\/03\/20240320_190329-1024x1024.jpg\",\"datePublished\":\"2024-04-11T14:27:55+00:00\",\"dateModified\":\"2024-04-11T14:40:04+00:00\",\"breadcrumb\":{\"@id\":\"https:\/\/santuariodharma.es\/index.php\/donaciones\/#breadcrumb\"},\"inLanguage\":\"es\",\"potentialAction\":[{\"@type\":\"ReadAction\",\"target\":[\"https:\/\/santuariodharma.es\/index.php\/donaciones\/\"]}]},{\"@type\":\"ImageObject\",\"inLanguage\":\"es\",\"@id\":\"https:\/\/santuariodharma.es\/index.php\/donaciones\/#primaryimage\",\"url\":\"https:\/\/santuariodharma.es\/wp-content\/uploads\/2024\/03\/20240320_190329-scaled.jpg\",\"contentUrl\":\"https:\/\/santuariodharma.es\/wp-content\/uploads\/2024\/03\/20240320_190329-scaled.jpg\",\"width\":2560,\"height\":2560},{\"@type\":\"BreadcrumbList\",\"@id\":\"https:\/\/santuariodharma.es\/index.php\/donaciones\/#breadcrumb\",\"itemListElement\":[{\"@type\":\"ListItem\",\"position\":1,\"name\":\"Portada\",\"item\":\"https:\/\/santuariodharma.es\/\"},{\"@type\":\"ListItem\",\"position\":2,\"name\":\"Donaciones\"}]},{\"@type\":\"WebSite\",\"@id\":\"https:\/\/santuariodharma.es\/#website\",\"url\":\"https:\/\/santuariodharma.es\/\",\"name\":\"Santuario Dharma\",\"description\":\"Santuario de animales\",\"publisher\":{\"@id\":\"https:\/\/santuariodharma.es\/#organization\"},\"potentialAction\":[{\"@type\":\"SearchAction\",\"target\":{\"@type\":\"EntryPoint\",\"urlTemplate\":\"https:\/\/santuariodharma.es\/?s={search_term_string}\"},\"query-input\":{\"@type\":\"PropertyValueSpecification\",\"valueRequired\":true,\"valueName\":\"search_term_string\"}}],\"inLanguage\":\"es\"},{\"@type\":\"Organization\",\"@id\":\"https:\/\/santuariodharma.es\/#organization\",\"name\":\"Santuario Dharma\",\"url\":\"https:\/\/santuariodharma.es\/\",\"logo\":{\"@type\":\"ImageObject\",\"inLanguage\":\"es\",\"@id\":\"https:\/\/santuariodharma.es\/#\/schema\/logo\/image\/\",\"url\":\"https:\/\/santuariodharma.es\/wp-content\/uploads\/2023\/06\/santuario-dharma-low-resolution-logo-black-on-transparent-background.png\",\"contentUrl\":\"https:\/\/santuariodharma.es\/wp-content\/uploads\/2023\/06\/santuario-dharma-low-resolution-logo-black-on-transparent-background.png\",\"width\":1000,\"height\":270,\"caption\":\"Santuario Dharma\"},\"image\":{\"@id\":\"https:\/\/santuariodharma.es\/#\/schema\/logo\/image\/\"}}]}<\/script>\n<!-- \/ Yoast SEO plugin. -->","yoast_head_json":{"title":"Donaciones - Santuario Dharma","robots":{"index":"index","follow":"follow","max-snippet":"max-snippet:-1","max-image-preview":"max-image-preview:large","max-video-preview":"max-video-preview:-1"},"canonical":"https:\/\/santuariodharma.es\/index.php\/donaciones\/","og_locale":"es_ES","og_type":"article","og_title":"Donaciones - Santuario Dharma","og_description":"Tu apoyo marca la diferencia En Santuario Dharma pensamos que cada animal merece una segunda oportunidad y un hogar lleno de amor. Con tu donaci\u00f3n, podemos continuar nuestra misi\u00f3n de rescatar, rehabilitar y cuidar a los animales que m\u00e1s lo necesitan. Alimentaci\u00f3n y cuidados Tu contribuci\u00f3n ir\u00e1 destinada a proporcionar a los habitantes una alimentaci\u00f3n [&hellip;]","og_url":"https:\/\/santuariodharma.es\/index.php\/donaciones\/","og_site_name":"Santuario Dharma","article_modified_time":"2024-04-11T14:40:04+00:00","og_image":[{"url":"http:\/\/santuariodharma.es\/wp-content\/uploads\/2024\/03\/20240320_190329-1024x1024.jpg","type":"","width":"","height":""}],"twitter_card":"summary_large_image","twitter_misc":{"Tiempo de lectura":"1 minuto"},"schema":{"@context":"https:\/\/schema.org","@graph":[{"@type":"WebPage","@id":"https:\/\/santuariodharma.es\/index.php\/donaciones\/","url":"https:\/\/santuariodharma.es\/index.php\/donaciones\/","name":"Donaciones - Santuario Dharma","isPartOf":{"@id":"https:\/\/santuariodharma.es\/#website"},"primaryImageOfPage":{"@id":"https:\/\/santuariodharma.es\/index.php\/donaciones\/#primaryimage"},"image":{"@id":"https:\/\/santuariodharma.es\/index.php\/donaciones\/#primaryimage"},"thumbnailUrl":"http:\/\/santuariodharma.es\/wp-content\/uploads\/2024\/03\/20240320_190329-1024x1024.jpg","datePublished":"2024-04-11T14:27:55+00:00","dateModified":"2024-04-11T14:40:04+00:00","breadcrumb":{"@id":"https:\/\/santuariodharma.es\/index.php\/donaciones\/#breadcrumb"},"inLanguage":"es","potentialAction":[{"@type":"ReadAction","target":["https:\/\/santuariodharma.es\/index.php\/donaciones\/"]}]},{"@type":"ImageObject","inLanguage":"es","@id":"https:\/\/santuariodharma.es\/index.php\/donaciones\/#primaryimage","url":"https:\/\/santuariodharma.es\/wp-content\/uploads\/2024\/03\/20240320_190329-scaled.jpg","contentUrl":"https:\/\/santuariodharma.es\/wp-content\/uploads\/2024\/03\/20240320_190329-scaled.jpg","width":2560,"height":2560},{"@type":"BreadcrumbList","@id":"https:\/\/santuariodharma.es\/index.php\/donaciones\/#breadcrumb","itemListElement":[{"@type":"ListItem","position":1,"name":"Portada","item":"https:\/\/santuariodharma.es\/"},{"@type":"ListItem","position":2,"name":"Donaciones"}]},{"@type":"WebSite","@id":"https:\/\/santuariodharma.es\/#website","url":"https:\/\/santuariodharma.es\/","name":"Santuario Dharma","description":"Santuario de animales","publisher":{"@id":"https:\/\/santuariodharma.es\/#organization"},"potentialAction":[{"@type":"SearchAction","target":{"@type":"EntryPoint","urlTemplate":"https:\/\/santuariodharma.es\/?s={search_term_string}"},"query-input":{"@type":"PropertyValueSpecification","valueRequired":true,"valueName":"search_term_string"}}],"inLanguage":"es"},{"@type":"Organization","@id":"https:\/\/santuariodharma.es\/#organization","name":"Santuario Dharma","url":"https:\/\/santuariodharma.es\/","logo":{"@type":"ImageObject","inLanguage":"es","@id":"https:\/\/santuariodharma.es\/#\/schema\/logo\/image\/","url":"https:\/\/santuariodharma.es\/wp-content\/uploads\/2023\/06\/santuario-dharma-low-resolution-logo-black-on-transparent-background.png","contentUrl":"https:\/\/santuariodharma.es\/wp-content\/uploads\/2023\/06\/santuario-dharma-low-resolution-logo-black-on-transparent-background.png","width":1000,"height":270,"caption":"Santuario Dharma"},"image":{"@id":"https:\/\/santuariodharma.es\/#\/schema\/logo\/image\/"}}]}},"uagb_featured_image_src":{"full":false,"thumbnail":false,"medium":false,"medium_large":false,"large":false,"1536x1536":false,"2048x2048":false,"mailpoet_newsletter_max":false,"woocommerce_thumbnail":false,"woocommerce_single":false,"woocommerce_gallery_thumbnail":false},"uagb_author_info":{"display_name":"santuariodharma.es","author_link":"https:\/\/santuariodharma.es\/index.php\/author\/santuariodharma-es\/"},"uagb_comment_info":0,"uagb_excerpt":"Tu apoyo marca la diferencia En Santuario Dharma pensamos que cada animal merece una segunda oportunidad y un hogar lleno de amor. Con tu donaci\u00f3n, podemos continuar nuestra misi\u00f3n de rescatar, rehabilitar y cuidar a los animales que m\u00e1s lo necesitan. Alimentaci\u00f3n y cuidados Tu contribuci\u00f3n ir\u00e1 destinada a proporcionar a los habitantes una alimentaci\u00f3n&hellip;","jetpack_sharing_enabled":true,"_links":{"self":[{"href":"https:\/\/santuariodharma.es\/index.php\/wp-json\/wp\/v2\/pages\/2143","targetHints":{"allow":["GET"]}}],"collection":[{"href":"https:\/\/santuariodharma.es\/index.php\/wp-json\/wp\/v2\/pages"}],"about":[{"href":"https:\/\/santuariodharma.es\/index.php\/wp-json\/wp\/v2\/types\/page"}],"author":[{"embeddable":true,"href":"https:\/\/santuariodharma.es\/index.php\/wp-json\/wp\/v2\/users\/1"}],"replies":[{"embeddable":true,"href":"https:\/\/santuariodharma.es\/index.php\/wp-json\/wp\/v2\/comments?post=2143"}],"version-history":[{"count":18,"href":"https:\/\/santuariodharma.es\/index.php\/wp-json\/wp\/v2\/pages\/2143\/revisions"}],"predecessor-version":[{"id":2170,"href":"https:\/\/santuariodharma.es\/index.php\/wp-json\/wp\/v2\/pages\/2143\/revisions\/2170"}],"wp:attachment":[{"href":"https:\/\/santuariodharma.es\/index.php\/wp-json\/wp\/v2\/media?parent=2143"}],"curies":[{"name":"wp","href":"https:\/\/api.w.org\/{rel}","templated":true}]}}