{"id":2346,"date":"2025-05-24T18:09:46","date_gmt":"2025-05-24T18:09:46","guid":{"rendered":"https:\/\/santuariodharma.es\/?post_type=product&#038;p=2346"},"modified":"2025-12-10T14:15:56","modified_gmt":"2025-12-10T14:15:56","slug":"camiseta-caballo-nacidos-para-ser-libres","status":"publish","type":"product","link":"https:\/\/santuariodharma.es\/index.php\/product\/camiseta-caballo-nacidos-para-ser-libres\/","title":{"rendered":"Camiseta caballo"},"content":{"rendered":"<p data-start=\"144\" data-end=\"443\">Camiseta unisex con un dise\u00f1o de un caballo y una monta\u00f1a. Incluye la frase -Nacidos para ser libres- y el nombre del Santuario.<\/p>\n<p data-start=\"144\" data-end=\"443\">Las fotos son orientativas: lo que est\u00e1s viendo es una muestra de c\u00f3mo queda el dise\u00f1o, pero la prenda puede variar ligeramente en color o forma.<br data-start=\"289\" data-end=\"292\" \/>Cada pedido se hace bajo demanda, eligiendo la camiseta o sudadera seg\u00fan tus preferencias, por eso no siempre ser\u00e1 exactamente igual a la de la imagen.<\/p>\n<p data-start=\"445\" data-end=\"615\">Podr\u00e1s elegir la talla y el color que te guste, y nosotros nos encargamos del resto.<br data-start=\"529\" data-end=\"532\" \/>Todo lo recaudado se destina \u00edntegramente al cuidado de los animales del santuario.<\/p>\n<p data-start=\"617\" data-end=\"669\">Gracias por apoyar nuestro trabajo con tu compra. \ud83e\udde1<\/p>\n","protected":false},"excerpt":{"rendered":"<p>Camisetas solidarias del Santuario Dharma. Personalizables, hechas por encargo y 100% a beneficio de los animales.<\/p>\n","protected":false},"featured_media":2348,"comment_status":"open","ping_status":"closed","template":"","meta":{"_uag_custom_page_level_css":"","site-sidebar-layout":"default","site-content-layout":"","ast-site-content-layout":"default","site-content-style":"default","site-sidebar-style":"default","ast-global-header-display":"","ast-banner-title-visibility":"","ast-main-header-display":"","ast-hfb-above-header-display":"","ast-hfb-below-header-display":"","ast-hfb-mobile-header-display":"","site-post-title":"","ast-breadcrumbs-content":"","ast-featured-img":"","footer-sml-layout":"","theme-transparent-header-meta":"default","adv-header-id-meta":"","stick-header-meta":"","header-above-stick-meta":"","header-main-stick-meta":"","header-below-stick-meta":"","astra-migrate-meta-layouts":"set","ast-page-background-enabled":"default","ast-page-background-meta":{"desktop":{"background-color":"var(--ast-global-color-4)","background-image":"","background-repeat":"repeat","background-position":"center center","background-size":"auto","background-attachment":"scroll","background-type":"","background-media":"","overlay-type":"","overlay-color":"","overlay-opacity":"","overlay-gradient":""},"tablet":{"background-color":"","background-image":"","background-repeat":"repeat","background-position":"center center","background-size":"auto","background-attachment":"scroll","background-type":"","background-media":"","overlay-type":"","overlay-color":"","overlay-opacity":"","overlay-gradient":""},"mobile":{"background-color":"","background-image":"","background-repeat":"repeat","background-position":"center center","background-size":"auto","background-attachment":"scroll","background-type":"","background-media":"","overlay-type":"","overlay-color":"","overlay-opacity":"","overlay-gradient":""}},"ast-content-background-meta":{"desktop":{"background-color":"var(--ast-global-color-5)","background-image":"","background-repeat":"repeat","background-position":"center center","background-size":"auto","background-attachment":"scroll","background-type":"","background-media":"","overlay-type":"","overlay-color":"","overlay-opacity":"","overlay-gradient":""},"tablet":{"background-color":"var(--ast-global-color-5)","background-image":"","background-repeat":"repeat","background-position":"center center","background-size":"auto","background-attachment":"scroll","background-type":"","background-media":"","overlay-type":"","overlay-color":"","overlay-opacity":"","overlay-gradient":""},"mobile":{"background-color":"var(--ast-global-color-5)","background-image":"","background-repeat":"repeat","background-position":"center center","background-size":"auto","background-attachment":"scroll","background-type":"","background-media":"","overlay-type":"","overlay-color":"","overlay-opacity":"","overlay-gradient":""}}},"product_brand":[],"product_cat":[36],"product_tag":[26,47,38,49,46,39],"class_list":{"0":"post-2346","1":"product","2":"type-product","3":"status-publish","4":"has-post-thumbnail","6":"product_cat-ropa-solidaria","7":"product_tag-animales","8":"product_tag-caballo","9":"product_tag-camiseta","10":"product_tag-montana","11":"product_tag-refugio","12":"product_tag-solidaria","13":"desktop-align-center","14":"tablet-align-left","15":"mobile-align-left","17":"first","18":"instock","19":"taxable","20":"shipping-taxable","21":"purchasable","22":"product-type-variable"},"yoast_head":"<!-- This site is optimized with the Yoast SEO plugin v26.0 - https:\/\/yoast.com\/wordpress\/plugins\/seo\/ -->\n<title>Camiseta caballo - Santuario Dharma<\/title>\n<meta name=\"robots\" content=\"index, follow, max-snippet:-1, max-image-preview:large, max-video-preview:-1\" \/>\n<link rel=\"canonical\" href=\"https:\/\/santuariodharma.es\/index.php\/product\/camiseta-caballo-nacidos-para-ser-libres\/\" \/>\n<meta property=\"og:locale\" content=\"es_ES\" \/>\n<meta property=\"og:type\" content=\"article\" \/>\n<meta property=\"og:title\" content=\"Camiseta caballo - Santuario Dharma\" \/>\n<meta property=\"og:description\" content=\"Camisetas solidarias del Santuario Dharma. Personalizables, hechas por encargo y 100% a beneficio de los animales.\" \/>\n<meta property=\"og:url\" content=\"https:\/\/santuariodharma.es\/index.php\/product\/camiseta-caballo-nacidos-para-ser-libres\/\" \/>\n<meta property=\"og:site_name\" content=\"Santuario Dharma\" \/>\n<meta property=\"article:modified_time\" content=\"2025-12-10T14:15:56+00:00\" \/>\n<meta property=\"og:image\" content=\"http:\/\/santuariodharma.es\/wp-content\/uploads\/2025\/05\/mockup-of-an-oversized-tee-hanging-from-a-tree-m39840-e1748109592703-701x1024.png\" \/>\n\t<meta property=\"og:image:width\" content=\"701\" \/>\n\t<meta property=\"og:image:height\" content=\"1024\" \/>\n\t<meta property=\"og:image:type\" content=\"image\/png\" \/>\n<meta name=\"twitter:card\" content=\"summary_large_image\" \/>\n<meta name=\"twitter:label1\" content=\"Tiempo de lectura\" \/>\n\t<meta name=\"twitter:data1\" content=\"1 minuto\" \/>\n<script type=\"application\/ld+json\" class=\"yoast-schema-graph\">{\"@context\":\"https:\/\/schema.org\",\"@graph\":[{\"@type\":\"WebPage\",\"@id\":\"https:\/\/santuariodharma.es\/index.php\/product\/camiseta-caballo-nacidos-para-ser-libres\/\",\"url\":\"https:\/\/santuariodharma.es\/index.php\/product\/camiseta-caballo-nacidos-para-ser-libres\/\",\"name\":\"Camiseta caballo - Santuario Dharma\",\"isPartOf\":{\"@id\":\"https:\/\/santuariodharma.es\/#website\"},\"primaryImageOfPage\":{\"@id\":\"https:\/\/santuariodharma.es\/index.php\/product\/camiseta-caballo-nacidos-para-ser-libres\/#primaryimage\"},\"image\":{\"@id\":\"https:\/\/santuariodharma.es\/index.php\/product\/camiseta-caballo-nacidos-para-ser-libres\/#primaryimage\"},\"thumbnailUrl\":\"https:\/\/santuariodharma.es\/wp-content\/uploads\/2025\/05\/mockup-of-an-oversized-tee-hanging-from-a-tree-m39840-e1748109592703.png\",\"datePublished\":\"2025-05-24T18:09:46+00:00\",\"dateModified\":\"2025-12-10T14:15:56+00:00\",\"breadcrumb\":{\"@id\":\"https:\/\/santuariodharma.es\/index.php\/product\/camiseta-caballo-nacidos-para-ser-libres\/#breadcrumb\"},\"inLanguage\":\"es\",\"potentialAction\":[{\"@type\":\"ReadAction\",\"target\":[\"https:\/\/santuariodharma.es\/index.php\/product\/camiseta-caballo-nacidos-para-ser-libres\/\"]}]},{\"@type\":\"ImageObject\",\"inLanguage\":\"es\",\"@id\":\"https:\/\/santuariodharma.es\/index.php\/product\/camiseta-caballo-nacidos-para-ser-libres\/#primaryimage\",\"url\":\"https:\/\/santuariodharma.es\/wp-content\/uploads\/2025\/05\/mockup-of-an-oversized-tee-hanging-from-a-tree-m39840-e1748109592703.png\",\"contentUrl\":\"https:\/\/santuariodharma.es\/wp-content\/uploads\/2025\/05\/mockup-of-an-oversized-tee-hanging-from-a-tree-m39840-e1748109592703.png\",\"width\":1591,\"height\":2324},{\"@type\":\"BreadcrumbList\",\"@id\":\"https:\/\/santuariodharma.es\/index.php\/product\/camiseta-caballo-nacidos-para-ser-libres\/#breadcrumb\",\"itemListElement\":[{\"@type\":\"ListItem\",\"position\":1,\"name\":\"Portada\",\"item\":\"https:\/\/santuariodharma.es\/\"},{\"@type\":\"ListItem\",\"position\":2,\"name\":\"Tienda solidaria\",\"item\":\"https:\/\/santuariodharma.es\/index.php\/shop\/\"},{\"@type\":\"ListItem\",\"position\":3,\"name\":\"Camiseta caballo\"}]},{\"@type\":\"WebSite\",\"@id\":\"https:\/\/santuariodharma.es\/#website\",\"url\":\"https:\/\/santuariodharma.es\/\",\"name\":\"Santuario Dharma\",\"description\":\"Santuario de animales\",\"publisher\":{\"@id\":\"https:\/\/santuariodharma.es\/#organization\"},\"potentialAction\":[{\"@type\":\"SearchAction\",\"target\":{\"@type\":\"EntryPoint\",\"urlTemplate\":\"https:\/\/santuariodharma.es\/?s={search_term_string}\"},\"query-input\":{\"@type\":\"PropertyValueSpecification\",\"valueRequired\":true,\"valueName\":\"search_term_string\"}}],\"inLanguage\":\"es\"},{\"@type\":\"Organization\",\"@id\":\"https:\/\/santuariodharma.es\/#organization\",\"name\":\"Santuario Dharma\",\"url\":\"https:\/\/santuariodharma.es\/\",\"logo\":{\"@type\":\"ImageObject\",\"inLanguage\":\"es\",\"@id\":\"https:\/\/santuariodharma.es\/#\/schema\/logo\/image\/\",\"url\":\"https:\/\/santuariodharma.es\/wp-content\/uploads\/2023\/06\/santuario-dharma-low-resolution-logo-black-on-transparent-background.png\",\"contentUrl\":\"https:\/\/santuariodharma.es\/wp-content\/uploads\/2023\/06\/santuario-dharma-low-resolution-logo-black-on-transparent-background.png\",\"width\":1000,\"height\":270,\"caption\":\"Santuario Dharma\"},\"image\":{\"@id\":\"https:\/\/santuariodharma.es\/#\/schema\/logo\/image\/\"}}]}<\/script>\n<!-- \/ Yoast SEO plugin. -->","yoast_head_json":{"title":"Camiseta caballo - Santuario Dharma","robots":{"index":"index","follow":"follow","max-snippet":"max-snippet:-1","max-image-preview":"max-image-preview:large","max-video-preview":"max-video-preview:-1"},"canonical":"https:\/\/santuariodharma.es\/index.php\/product\/camiseta-caballo-nacidos-para-ser-libres\/","og_locale":"es_ES","og_type":"article","og_title":"Camiseta caballo - Santuario Dharma","og_description":"Camisetas solidarias del Santuario Dharma. Personalizables, hechas por encargo y 100% a beneficio de los animales.","og_url":"https:\/\/santuariodharma.es\/index.php\/product\/camiseta-caballo-nacidos-para-ser-libres\/","og_site_name":"Santuario Dharma","article_modified_time":"2025-12-10T14:15:56+00:00","og_image":[{"width":701,"height":1024,"url":"http:\/\/santuariodharma.es\/wp-content\/uploads\/2025\/05\/mockup-of-an-oversized-tee-hanging-from-a-tree-m39840-e1748109592703-701x1024.png","type":"image\/png"}],"twitter_card":"summary_large_image","twitter_misc":{"Tiempo de lectura":"1 minuto"},"schema":{"@context":"https:\/\/schema.org","@graph":[{"@type":"WebPage","@id":"https:\/\/santuariodharma.es\/index.php\/product\/camiseta-caballo-nacidos-para-ser-libres\/","url":"https:\/\/santuariodharma.es\/index.php\/product\/camiseta-caballo-nacidos-para-ser-libres\/","name":"Camiseta caballo - Santuario Dharma","isPartOf":{"@id":"https:\/\/santuariodharma.es\/#website"},"primaryImageOfPage":{"@id":"https:\/\/santuariodharma.es\/index.php\/product\/camiseta-caballo-nacidos-para-ser-libres\/#primaryimage"},"image":{"@id":"https:\/\/santuariodharma.es\/index.php\/product\/camiseta-caballo-nacidos-para-ser-libres\/#primaryimage"},"thumbnailUrl":"https:\/\/santuariodharma.es\/wp-content\/uploads\/2025\/05\/mockup-of-an-oversized-tee-hanging-from-a-tree-m39840-e1748109592703.png","datePublished":"2025-05-24T18:09:46+00:00","dateModified":"2025-12-10T14:15:56+00:00","breadcrumb":{"@id":"https:\/\/santuariodharma.es\/index.php\/product\/camiseta-caballo-nacidos-para-ser-libres\/#breadcrumb"},"inLanguage":"es","potentialAction":[{"@type":"ReadAction","target":["https:\/\/santuariodharma.es\/index.php\/product\/camiseta-caballo-nacidos-para-ser-libres\/"]}]},{"@type":"ImageObject","inLanguage":"es","@id":"https:\/\/santuariodharma.es\/index.php\/product\/camiseta-caballo-nacidos-para-ser-libres\/#primaryimage","url":"https:\/\/santuariodharma.es\/wp-content\/uploads\/2025\/05\/mockup-of-an-oversized-tee-hanging-from-a-tree-m39840-e1748109592703.png","contentUrl":"https:\/\/santuariodharma.es\/wp-content\/uploads\/2025\/05\/mockup-of-an-oversized-tee-hanging-from-a-tree-m39840-e1748109592703.png","width":1591,"height":2324},{"@type":"BreadcrumbList","@id":"https:\/\/santuariodharma.es\/index.php\/product\/camiseta-caballo-nacidos-para-ser-libres\/#breadcrumb","itemListElement":[{"@type":"ListItem","position":1,"name":"Portada","item":"https:\/\/santuariodharma.es\/"},{"@type":"ListItem","position":2,"name":"Tienda solidaria","item":"https:\/\/santuariodharma.es\/index.php\/shop\/"},{"@type":"ListItem","position":3,"name":"Camiseta caballo"}]},{"@type":"WebSite","@id":"https:\/\/santuariodharma.es\/#website","url":"https:\/\/santuariodharma.es\/","name":"Santuario Dharma","description":"Santuario de animales","publisher":{"@id":"https:\/\/santuariodharma.es\/#organization"},"potentialAction":[{"@type":"SearchAction","target":{"@type":"EntryPoint","urlTemplate":"https:\/\/santuariodharma.es\/?s={search_term_string}"},"query-input":{"@type":"PropertyValueSpecification","valueRequired":true,"valueName":"search_term_string"}}],"inLanguage":"es"},{"@type":"Organization","@id":"https:\/\/santuariodharma.es\/#organization","name":"Santuario Dharma","url":"https:\/\/santuariodharma.es\/","logo":{"@type":"ImageObject","inLanguage":"es","@id":"https:\/\/santuariodharma.es\/#\/schema\/logo\/image\/","url":"https:\/\/santuariodharma.es\/wp-content\/uploads\/2023\/06\/santuario-dharma-low-resolution-logo-black-on-transparent-background.png","contentUrl":"https:\/\/santuariodharma.es\/wp-content\/uploads\/2023\/06\/santuario-dharma-low-resolution-logo-black-on-transparent-background.png","width":1000,"height":270,"caption":"Santuario Dharma"},"image":{"@id":"https:\/\/santuariodharma.es\/#\/schema\/logo\/image\/"}}]}},"uagb_featured_image_src":{"full":["https:\/\/santuariodharma.es\/wp-content\/uploads\/2025\/05\/mockup-of-an-oversized-tee-hanging-from-a-tree-m39840-e1748109592703.png",1591,2324,false],"thumbnail":["https:\/\/santuariodharma.es\/wp-content\/uploads\/2025\/05\/mockup-of-an-oversized-tee-hanging-from-a-tree-m39840-e1748109592703-150x150.png",150,150,true],"medium":["https:\/\/santuariodharma.es\/wp-content\/uploads\/2025\/05\/mockup-of-an-oversized-tee-hanging-from-a-tree-m39840-e1748109592703-205x300.png",205,300,true],"medium_large":["https:\/\/santuariodharma.es\/wp-content\/uploads\/2025\/05\/mockup-of-an-oversized-tee-hanging-from-a-tree-m39840-e1748109592703-768x1122.png",768,1122,true],"large":["https:\/\/santuariodharma.es\/wp-content\/uploads\/2025\/05\/mockup-of-an-oversized-tee-hanging-from-a-tree-m39840-e1748109592703-701x1024.png",701,1024,true],"1536x1536":["https:\/\/santuariodharma.es\/wp-content\/uploads\/2025\/05\/mockup-of-an-oversized-tee-hanging-from-a-tree-m39840-e1748109592703-1052x1536.png",1052,1536,true],"2048x2048":["https:\/\/santuariodharma.es\/wp-content\/uploads\/2025\/05\/mockup-of-an-oversized-tee-hanging-from-a-tree-m39840-e1748109592703-1402x2048.png",1402,2048,true],"mailpoet_newsletter_max":["https:\/\/santuariodharma.es\/wp-content\/uploads\/2025\/05\/mockup-of-an-oversized-tee-hanging-from-a-tree-m39840-e1748109592703-1320x1928.png",1320,1928,true],"woocommerce_thumbnail":["https:\/\/santuariodharma.es\/wp-content\/uploads\/2025\/05\/mockup-of-an-oversized-tee-hanging-from-a-tree-m39840-e1748109592703-300x300.png",300,300,true],"woocommerce_single":["https:\/\/santuariodharma.es\/wp-content\/uploads\/2025\/05\/mockup-of-an-oversized-tee-hanging-from-a-tree-m39840-e1748109592703-600x876.png",600,876,true],"woocommerce_gallery_thumbnail":["https:\/\/santuariodharma.es\/wp-content\/uploads\/2025\/05\/mockup-of-an-oversized-tee-hanging-from-a-tree-m39840-e1748109592703-100x100.png",100,100,true]},"uagb_author_info":{"display_name":"santuariodharma.es","author_link":"https:\/\/santuariodharma.es\/index.php\/author\/"},"uagb_comment_info":0,"uagb_excerpt":"Camisetas solidarias del Santuario Dharma. Personalizables, hechas por encargo y 100% a beneficio de los animales.","jetpack_sharing_enabled":true,"_links":{"self":[{"href":"https:\/\/santuariodharma.es\/index.php\/wp-json\/wp\/v2\/product\/2346","targetHints":{"allow":["GET"]}}],"collection":[{"href":"https:\/\/santuariodharma.es\/index.php\/wp-json\/wp\/v2\/product"}],"about":[{"href":"https:\/\/santuariodharma.es\/index.php\/wp-json\/wp\/v2\/types\/product"}],"replies":[{"embeddable":true,"href":"https:\/\/santuariodharma.es\/index.php\/wp-json\/wp\/v2\/comments?post=2346"}],"wp:featuredmedia":[{"embeddable":true,"href":"https:\/\/santuariodharma.es\/index.php\/wp-json\/wp\/v2\/media\/2348"}],"wp:attachment":[{"href":"https:\/\/santuariodharma.es\/index.php\/wp-json\/wp\/v2\/media?parent=2346"}],"wp:term":[{"taxonomy":"product_brand","embeddable":true,"href":"https:\/\/santuariodharma.es\/index.php\/wp-json\/wp\/v2\/product_brand?post=2346"},{"taxonomy":"product_cat","embeddable":true,"href":"https:\/\/santuariodharma.es\/index.php\/wp-json\/wp\/v2\/product_cat?post=2346"},{"taxonomy":"product_tag","embeddable":true,"href":"https:\/\/santuariodharma.es\/index.php\/wp-json\/wp\/v2\/product_tag?post=2346"}],"curies":[{"name":"wp","href":"https:\/\/api.w.org\/{rel}","templated":true}]}}