{"id":2356,"date":"2025-05-24T19:23:06","date_gmt":"2025-05-24T19:23:06","guid":{"rendered":"https:\/\/santuariodharma.es\/?post_type=product&#038;p=2356"},"modified":"2025-12-10T14:14:03","modified_gmt":"2025-12-10T14:14:03","slug":"camiseta-creacion-gallina","status":"publish","type":"product","link":"https:\/\/santuariodharma.es\/index.php\/product\/camiseta-creacion-gallina\/","title":{"rendered":"Camiseta La creaci\u00f3n de la gallina"},"content":{"rendered":"<p>Una reinterpretaci\u00f3n divertida y original del cl\u00e1sico \u201cLa creaci\u00f3n de Ad\u00e1n\u201d, donde la pata de una gallina se encuentra con una mano humana en un gesto simb\u00f3lico. Camiseta hecha a pedido, ideal para quienes quieren llevar un dise\u00f1o \u00fanico y con personalidad. Con su compra y contribuyes al bienestar de los animales del santuario Dharma.<\/p>\n<p>IMPORTANTE<\/p>\n<p>Puesto que realizamos las prendas bajo demanda puede que existan variaciones en cuanto a la forma o el color de la camisetas.<\/p>\n","protected":false},"excerpt":{"rendered":"<p>Camiseta solidaria a favor de los animales del Santuario Dharma. Unisex, inspirada en la creaci\u00f3n de Ad\u00e1n.<\/p>\n","protected":false},"featured_media":2357,"comment_status":"open","ping_status":"closed","template":"","meta":{"_uag_custom_page_level_css":"","site-sidebar-layout":"default","site-content-layout":"","ast-site-content-layout":"default","site-content-style":"default","site-sidebar-style":"default","ast-global-header-display":"","ast-banner-title-visibility":"","ast-main-header-display":"","ast-hfb-above-header-display":"","ast-hfb-below-header-display":"","ast-hfb-mobile-header-display":"","site-post-title":"","ast-breadcrumbs-content":"","ast-featured-img":"","footer-sml-layout":"","theme-transparent-header-meta":"default","adv-header-id-meta":"","stick-header-meta":"","header-above-stick-meta":"","header-main-stick-meta":"","header-below-stick-meta":"","astra-migrate-meta-layouts":"set","ast-page-background-enabled":"default","ast-page-background-meta":{"desktop":{"background-color":"var(--ast-global-color-4)","background-image":"","background-repeat":"repeat","background-position":"center center","background-size":"auto","background-attachment":"scroll","background-type":"","background-media":"","overlay-type":"","overlay-color":"","overlay-opacity":"","overlay-gradient":""},"tablet":{"background-color":"","background-image":"","background-repeat":"repeat","background-position":"center center","background-size":"auto","background-attachment":"scroll","background-type":"","background-media":"","overlay-type":"","overlay-color":"","overlay-opacity":"","overlay-gradient":""},"mobile":{"background-color":"","background-image":"","background-repeat":"repeat","background-position":"center center","background-size":"auto","background-attachment":"scroll","background-type":"","background-media":"","overlay-type":"","overlay-color":"","overlay-opacity":"","overlay-gradient":""}},"ast-content-background-meta":{"desktop":{"background-color":"var(--ast-global-color-5)","background-image":"","background-repeat":"repeat","background-position":"center center","background-size":"auto","background-attachment":"scroll","background-type":"","background-media":"","overlay-type":"","overlay-color":"","overlay-opacity":"","overlay-gradient":""},"tablet":{"background-color":"var(--ast-global-color-5)","background-image":"","background-repeat":"repeat","background-position":"center center","background-size":"auto","background-attachment":"scroll","background-type":"","background-media":"","overlay-type":"","overlay-color":"","overlay-opacity":"","overlay-gradient":""},"mobile":{"background-color":"var(--ast-global-color-5)","background-image":"","background-repeat":"repeat","background-position":"center center","background-size":"auto","background-attachment":"scroll","background-type":"","background-media":"","overlay-type":"","overlay-color":"","overlay-opacity":"","overlay-gradient":""}}},"product_brand":[],"product_cat":[36],"product_tag":[26,38,43,45,44,46],"class_list":{"0":"post-2356","1":"product","2":"type-product","3":"status-publish","4":"has-post-thumbnail","6":"product_cat-ropa-solidaria","7":"product_tag-animales","8":"product_tag-camiseta","9":"product_tag-creacion","10":"product_tag-gallina","11":"product_tag-pollo","12":"product_tag-refugio","13":"desktop-align-center","14":"tablet-align-left","15":"mobile-align-left","17":"first","18":"instock","19":"taxable","20":"shipping-taxable","21":"purchasable","22":"product-type-variable"},"yoast_head":"<!-- This site is optimized with the Yoast SEO plugin v26.0 - https:\/\/yoast.com\/wordpress\/plugins\/seo\/ -->\n<title>Camiseta La creaci\u00f3n de la gallina - Santuario Dharma<\/title>\n<meta name=\"description\" content=\"Camiseta \u201cLa Creaci\u00f3n de la Gallina\u201d: dise\u00f1o original con la pata de una gallina y una mano humana. Prenda hecha a pedido, perfecta para quienes buscan un estilo \u00fanico y divertido.\" \/>\n<meta name=\"robots\" content=\"index, follow, max-snippet:-1, max-image-preview:large, max-video-preview:-1\" \/>\n<link rel=\"canonical\" href=\"https:\/\/santuariodharma.es\/index.php\/product\/camiseta-creacion-gallina\/\" \/>\n<meta property=\"og:locale\" content=\"es_ES\" \/>\n<meta property=\"og:type\" content=\"article\" \/>\n<meta property=\"og:title\" content=\"Camiseta La creaci\u00f3n de la gallina - Santuario Dharma\" \/>\n<meta property=\"og:description\" content=\"Camiseta \u201cLa Creaci\u00f3n de la Gallina\u201d: dise\u00f1o original con la pata de una gallina y una mano humana. Prenda hecha a pedido, perfecta para quienes buscan un estilo \u00fanico y divertido.\" \/>\n<meta property=\"og:url\" content=\"https:\/\/santuariodharma.es\/index.php\/product\/camiseta-creacion-gallina\/\" \/>\n<meta property=\"og:site_name\" content=\"Santuario Dharma\" \/>\n<meta property=\"article:modified_time\" content=\"2025-12-10T14:14:03+00:00\" \/>\n<meta property=\"og:image\" content=\"http:\/\/santuariodharma.es\/wp-content\/uploads\/2025\/05\/mockup-of-an-oversized-tee-hanging-from-a-tree-m39840-1-703x1024.png\" \/>\n\t<meta property=\"og:image:width\" content=\"703\" \/>\n\t<meta property=\"og:image:height\" content=\"1024\" \/>\n\t<meta property=\"og:image:type\" content=\"image\/png\" \/>\n<meta name=\"twitter:card\" content=\"summary_large_image\" \/>\n<meta name=\"twitter:label1\" content=\"Tiempo de lectura\" \/>\n\t<meta name=\"twitter:data1\" content=\"1 minuto\" \/>\n<script type=\"application\/ld+json\" class=\"yoast-schema-graph\">{\"@context\":\"https:\/\/schema.org\",\"@graph\":[{\"@type\":\"WebPage\",\"@id\":\"https:\/\/santuariodharma.es\/index.php\/product\/camiseta-creacion-gallina\/\",\"url\":\"https:\/\/santuariodharma.es\/index.php\/product\/camiseta-creacion-gallina\/\",\"name\":\"Camiseta La creaci\u00f3n de la gallina - Santuario Dharma\",\"isPartOf\":{\"@id\":\"https:\/\/santuariodharma.es\/#website\"},\"primaryImageOfPage\":{\"@id\":\"https:\/\/santuariodharma.es\/index.php\/product\/camiseta-creacion-gallina\/#primaryimage\"},\"image\":{\"@id\":\"https:\/\/santuariodharma.es\/index.php\/product\/camiseta-creacion-gallina\/#primaryimage\"},\"thumbnailUrl\":\"https:\/\/santuariodharma.es\/wp-content\/uploads\/2025\/05\/mockup-of-an-oversized-tee-hanging-from-a-tree-m39840-1.png\",\"datePublished\":\"2025-05-24T19:23:06+00:00\",\"dateModified\":\"2025-12-10T14:14:03+00:00\",\"description\":\"Camiseta \u201cLa Creaci\u00f3n de la Gallina\u201d: dise\u00f1o original con la pata de una gallina y una mano humana. Prenda hecha a pedido, perfecta para quienes buscan un estilo \u00fanico y divertido.\",\"breadcrumb\":{\"@id\":\"https:\/\/santuariodharma.es\/index.php\/product\/camiseta-creacion-gallina\/#breadcrumb\"},\"inLanguage\":\"es\",\"potentialAction\":[{\"@type\":\"ReadAction\",\"target\":[\"https:\/\/santuariodharma.es\/index.php\/product\/camiseta-creacion-gallina\/\"]}]},{\"@type\":\"ImageObject\",\"inLanguage\":\"es\",\"@id\":\"https:\/\/santuariodharma.es\/index.php\/product\/camiseta-creacion-gallina\/#primaryimage\",\"url\":\"https:\/\/santuariodharma.es\/wp-content\/uploads\/2025\/05\/mockup-of-an-oversized-tee-hanging-from-a-tree-m39840-1.png\",\"contentUrl\":\"https:\/\/santuariodharma.es\/wp-content\/uploads\/2025\/05\/mockup-of-an-oversized-tee-hanging-from-a-tree-m39840-1.png\",\"width\":2000,\"height\":2912},{\"@type\":\"BreadcrumbList\",\"@id\":\"https:\/\/santuariodharma.es\/index.php\/product\/camiseta-creacion-gallina\/#breadcrumb\",\"itemListElement\":[{\"@type\":\"ListItem\",\"position\":1,\"name\":\"Portada\",\"item\":\"https:\/\/santuariodharma.es\/\"},{\"@type\":\"ListItem\",\"position\":2,\"name\":\"Tienda solidaria\",\"item\":\"https:\/\/santuariodharma.es\/index.php\/shop\/\"},{\"@type\":\"ListItem\",\"position\":3,\"name\":\"Camiseta La creaci\u00f3n de la gallina\"}]},{\"@type\":\"WebSite\",\"@id\":\"https:\/\/santuariodharma.es\/#website\",\"url\":\"https:\/\/santuariodharma.es\/\",\"name\":\"Santuario Dharma\",\"description\":\"Santuario de animales\",\"publisher\":{\"@id\":\"https:\/\/santuariodharma.es\/#organization\"},\"potentialAction\":[{\"@type\":\"SearchAction\",\"target\":{\"@type\":\"EntryPoint\",\"urlTemplate\":\"https:\/\/santuariodharma.es\/?s={search_term_string}\"},\"query-input\":{\"@type\":\"PropertyValueSpecification\",\"valueRequired\":true,\"valueName\":\"search_term_string\"}}],\"inLanguage\":\"es\"},{\"@type\":\"Organization\",\"@id\":\"https:\/\/santuariodharma.es\/#organization\",\"name\":\"Santuario Dharma\",\"url\":\"https:\/\/santuariodharma.es\/\",\"logo\":{\"@type\":\"ImageObject\",\"inLanguage\":\"es\",\"@id\":\"https:\/\/santuariodharma.es\/#\/schema\/logo\/image\/\",\"url\":\"https:\/\/santuariodharma.es\/wp-content\/uploads\/2023\/06\/santuario-dharma-low-resolution-logo-black-on-transparent-background.png\",\"contentUrl\":\"https:\/\/santuariodharma.es\/wp-content\/uploads\/2023\/06\/santuario-dharma-low-resolution-logo-black-on-transparent-background.png\",\"width\":1000,\"height\":270,\"caption\":\"Santuario Dharma\"},\"image\":{\"@id\":\"https:\/\/santuariodharma.es\/#\/schema\/logo\/image\/\"}}]}<\/script>\n<!-- \/ Yoast SEO plugin. -->","yoast_head_json":{"title":"Camiseta La creaci\u00f3n de la gallina - Santuario Dharma","description":"Camiseta \u201cLa Creaci\u00f3n de la Gallina\u201d: dise\u00f1o original con la pata de una gallina y una mano humana. Prenda hecha a pedido, perfecta para quienes buscan un estilo \u00fanico y divertido.","robots":{"index":"index","follow":"follow","max-snippet":"max-snippet:-1","max-image-preview":"max-image-preview:large","max-video-preview":"max-video-preview:-1"},"canonical":"https:\/\/santuariodharma.es\/index.php\/product\/camiseta-creacion-gallina\/","og_locale":"es_ES","og_type":"article","og_title":"Camiseta La creaci\u00f3n de la gallina - Santuario Dharma","og_description":"Camiseta \u201cLa Creaci\u00f3n de la Gallina\u201d: dise\u00f1o original con la pata de una gallina y una mano humana. Prenda hecha a pedido, perfecta para quienes buscan un estilo \u00fanico y divertido.","og_url":"https:\/\/santuariodharma.es\/index.php\/product\/camiseta-creacion-gallina\/","og_site_name":"Santuario Dharma","article_modified_time":"2025-12-10T14:14:03+00:00","og_image":[{"width":703,"height":1024,"url":"http:\/\/santuariodharma.es\/wp-content\/uploads\/2025\/05\/mockup-of-an-oversized-tee-hanging-from-a-tree-m39840-1-703x1024.png","type":"image\/png"}],"twitter_card":"summary_large_image","twitter_misc":{"Tiempo de lectura":"1 minuto"},"schema":{"@context":"https:\/\/schema.org","@graph":[{"@type":"WebPage","@id":"https:\/\/santuariodharma.es\/index.php\/product\/camiseta-creacion-gallina\/","url":"https:\/\/santuariodharma.es\/index.php\/product\/camiseta-creacion-gallina\/","name":"Camiseta La creaci\u00f3n de la gallina - Santuario Dharma","isPartOf":{"@id":"https:\/\/santuariodharma.es\/#website"},"primaryImageOfPage":{"@id":"https:\/\/santuariodharma.es\/index.php\/product\/camiseta-creacion-gallina\/#primaryimage"},"image":{"@id":"https:\/\/santuariodharma.es\/index.php\/product\/camiseta-creacion-gallina\/#primaryimage"},"thumbnailUrl":"https:\/\/santuariodharma.es\/wp-content\/uploads\/2025\/05\/mockup-of-an-oversized-tee-hanging-from-a-tree-m39840-1.png","datePublished":"2025-05-24T19:23:06+00:00","dateModified":"2025-12-10T14:14:03+00:00","description":"Camiseta \u201cLa Creaci\u00f3n de la Gallina\u201d: dise\u00f1o original con la pata de una gallina y una mano humana. Prenda hecha a pedido, perfecta para quienes buscan un estilo \u00fanico y divertido.","breadcrumb":{"@id":"https:\/\/santuariodharma.es\/index.php\/product\/camiseta-creacion-gallina\/#breadcrumb"},"inLanguage":"es","potentialAction":[{"@type":"ReadAction","target":["https:\/\/santuariodharma.es\/index.php\/product\/camiseta-creacion-gallina\/"]}]},{"@type":"ImageObject","inLanguage":"es","@id":"https:\/\/santuariodharma.es\/index.php\/product\/camiseta-creacion-gallina\/#primaryimage","url":"https:\/\/santuariodharma.es\/wp-content\/uploads\/2025\/05\/mockup-of-an-oversized-tee-hanging-from-a-tree-m39840-1.png","contentUrl":"https:\/\/santuariodharma.es\/wp-content\/uploads\/2025\/05\/mockup-of-an-oversized-tee-hanging-from-a-tree-m39840-1.png","width":2000,"height":2912},{"@type":"BreadcrumbList","@id":"https:\/\/santuariodharma.es\/index.php\/product\/camiseta-creacion-gallina\/#breadcrumb","itemListElement":[{"@type":"ListItem","position":1,"name":"Portada","item":"https:\/\/santuariodharma.es\/"},{"@type":"ListItem","position":2,"name":"Tienda solidaria","item":"https:\/\/santuariodharma.es\/index.php\/shop\/"},{"@type":"ListItem","position":3,"name":"Camiseta La creaci\u00f3n de la gallina"}]},{"@type":"WebSite","@id":"https:\/\/santuariodharma.es\/#website","url":"https:\/\/santuariodharma.es\/","name":"Santuario Dharma","description":"Santuario de animales","publisher":{"@id":"https:\/\/santuariodharma.es\/#organization"},"potentialAction":[{"@type":"SearchAction","target":{"@type":"EntryPoint","urlTemplate":"https:\/\/santuariodharma.es\/?s={search_term_string}"},"query-input":{"@type":"PropertyValueSpecification","valueRequired":true,"valueName":"search_term_string"}}],"inLanguage":"es"},{"@type":"Organization","@id":"https:\/\/santuariodharma.es\/#organization","name":"Santuario Dharma","url":"https:\/\/santuariodharma.es\/","logo":{"@type":"ImageObject","inLanguage":"es","@id":"https:\/\/santuariodharma.es\/#\/schema\/logo\/image\/","url":"https:\/\/santuariodharma.es\/wp-content\/uploads\/2023\/06\/santuario-dharma-low-resolution-logo-black-on-transparent-background.png","contentUrl":"https:\/\/santuariodharma.es\/wp-content\/uploads\/2023\/06\/santuario-dharma-low-resolution-logo-black-on-transparent-background.png","width":1000,"height":270,"caption":"Santuario Dharma"},"image":{"@id":"https:\/\/santuariodharma.es\/#\/schema\/logo\/image\/"}}]}},"uagb_featured_image_src":{"full":["https:\/\/santuariodharma.es\/wp-content\/uploads\/2025\/05\/mockup-of-an-oversized-tee-hanging-from-a-tree-m39840-1.png",2000,2912,false],"thumbnail":["https:\/\/santuariodharma.es\/wp-content\/uploads\/2025\/05\/mockup-of-an-oversized-tee-hanging-from-a-tree-m39840-1-150x150.png",150,150,true],"medium":["https:\/\/santuariodharma.es\/wp-content\/uploads\/2025\/05\/mockup-of-an-oversized-tee-hanging-from-a-tree-m39840-1-206x300.png",206,300,true],"medium_large":["https:\/\/santuariodharma.es\/wp-content\/uploads\/2025\/05\/mockup-of-an-oversized-tee-hanging-from-a-tree-m39840-1-768x1118.png",768,1118,true],"large":["https:\/\/santuariodharma.es\/wp-content\/uploads\/2025\/05\/mockup-of-an-oversized-tee-hanging-from-a-tree-m39840-1-703x1024.png",703,1024,true],"1536x1536":["https:\/\/santuariodharma.es\/wp-content\/uploads\/2025\/05\/mockup-of-an-oversized-tee-hanging-from-a-tree-m39840-1-1055x1536.png",1055,1536,true],"2048x2048":["https:\/\/santuariodharma.es\/wp-content\/uploads\/2025\/05\/mockup-of-an-oversized-tee-hanging-from-a-tree-m39840-1-1407x2048.png",1407,2048,true],"mailpoet_newsletter_max":["https:\/\/santuariodharma.es\/wp-content\/uploads\/2025\/05\/mockup-of-an-oversized-tee-hanging-from-a-tree-m39840-1-1320x1922.png",1320,1922,true],"woocommerce_thumbnail":["https:\/\/santuariodharma.es\/wp-content\/uploads\/2025\/05\/mockup-of-an-oversized-tee-hanging-from-a-tree-m39840-1-300x300.png",300,300,true],"woocommerce_single":["https:\/\/santuariodharma.es\/wp-content\/uploads\/2025\/05\/mockup-of-an-oversized-tee-hanging-from-a-tree-m39840-1-600x874.png",600,874,true],"woocommerce_gallery_thumbnail":["https:\/\/santuariodharma.es\/wp-content\/uploads\/2025\/05\/mockup-of-an-oversized-tee-hanging-from-a-tree-m39840-1-100x100.png",100,100,true]},"uagb_author_info":{"display_name":"santuariodharma.es","author_link":"https:\/\/santuariodharma.es\/index.php\/author\/"},"uagb_comment_info":0,"uagb_excerpt":"Camiseta solidaria a favor de los animales del Santuario Dharma. Unisex, inspirada en la creaci\u00f3n de Ad\u00e1n.","jetpack_sharing_enabled":true,"_links":{"self":[{"href":"https:\/\/santuariodharma.es\/index.php\/wp-json\/wp\/v2\/product\/2356","targetHints":{"allow":["GET"]}}],"collection":[{"href":"https:\/\/santuariodharma.es\/index.php\/wp-json\/wp\/v2\/product"}],"about":[{"href":"https:\/\/santuariodharma.es\/index.php\/wp-json\/wp\/v2\/types\/product"}],"replies":[{"embeddable":true,"href":"https:\/\/santuariodharma.es\/index.php\/wp-json\/wp\/v2\/comments?post=2356"}],"wp:featuredmedia":[{"embeddable":true,"href":"https:\/\/santuariodharma.es\/index.php\/wp-json\/wp\/v2\/media\/2357"}],"wp:attachment":[{"href":"https:\/\/santuariodharma.es\/index.php\/wp-json\/wp\/v2\/media?parent=2356"}],"wp:term":[{"taxonomy":"product_brand","embeddable":true,"href":"https:\/\/santuariodharma.es\/index.php\/wp-json\/wp\/v2\/product_brand?post=2356"},{"taxonomy":"product_cat","embeddable":true,"href":"https:\/\/santuariodharma.es\/index.php\/wp-json\/wp\/v2\/product_cat?post=2356"},{"taxonomy":"product_tag","embeddable":true,"href":"https:\/\/santuariodharma.es\/index.php\/wp-json\/wp\/v2\/product_tag?post=2356"}],"curies":[{"name":"wp","href":"https:\/\/api.w.org\/{rel}","templated":true}]}}