{"id":2361,"date":"2025-05-25T12:51:01","date_gmt":"2025-05-25T12:51:01","guid":{"rendered":"https:\/\/santuariodharma.es\/?post_type=product&#038;p=2361"},"modified":"2025-12-10T14:12:04","modified_gmt":"2025-12-10T14:12:04","slug":"camiseta-vinilode-ocas","status":"publish","type":"product","link":"https:\/\/santuariodharma.es\/index.php\/product\/camiseta-vinilode-ocas\/","title":{"rendered":"Camiseta ocas"},"content":{"rendered":"<p data-start=\"248\" data-end=\"679\">\u00a1Luce con orgullo este dise\u00f1o \u00fanico inspirado en el arte libre y en nuestras queridas ocas!<br data-start=\"339\" data-end=\"342\" \/>Cada camiseta es una pieza especial: el dise\u00f1o es fijo, pero la prenda puede variar ligeramente en color y forma, ya que trabajamos bajo demanda con ropa seleccionada especialmente para cada pedido.<br data-start=\"540\" data-end=\"543\" \/>Esto significa que no s\u00f3lo apoyas tanto una iniciativa sostenible y consciente como a los animales del refugio, sino que tambi\u00e9n recibes una camiseta con personalidad propia.<\/p>\n<p data-start=\"681\" data-end=\"976\"><strong data-start=\"681\" data-end=\"696\">Importante:<\/strong><br data-start=\"696\" data-end=\"699\" \/>El modelo de camiseta que ves en las fotos es orientativo. Al tratarse de ropa adquirida a demanda, puede que el tono exacto o el corte cambien ligeramente, pero siempre cuidamos la calidad y comodidad.<br data-start=\"901\" data-end=\"904\" \/>El dise\u00f1o s\u00ed ser\u00e1 el que ves aqu\u00ed: \u00a1el toque especial que lo hace \u00fanico!<\/p>\n","protected":false},"excerpt":{"rendered":"<p>Camiseta unisex con dise\u00f1o de Ocas. Hecha bajo demanda por lo que cada una es \u00fanica, \u00a1como t\u00fa!<\/p>\n","protected":false},"featured_media":2362,"comment_status":"open","ping_status":"closed","template":"","meta":{"_uag_custom_page_level_css":"","site-sidebar-layout":"default","site-content-layout":"","ast-site-content-layout":"default","site-content-style":"default","site-sidebar-style":"default","ast-global-header-display":"","ast-banner-title-visibility":"","ast-main-header-display":"","ast-hfb-above-header-display":"","ast-hfb-below-header-display":"","ast-hfb-mobile-header-display":"","site-post-title":"","ast-breadcrumbs-content":"","ast-featured-img":"","footer-sml-layout":"","theme-transparent-header-meta":"default","adv-header-id-meta":"","stick-header-meta":"","header-above-stick-meta":"","header-main-stick-meta":"","header-below-stick-meta":"","astra-migrate-meta-layouts":"set","ast-page-background-enabled":"default","ast-page-background-meta":{"desktop":{"background-color":"var(--ast-global-color-4)","background-image":"","background-repeat":"repeat","background-position":"center center","background-size":"auto","background-attachment":"scroll","background-type":"","background-media":"","overlay-type":"","overlay-color":"","overlay-opacity":"","overlay-gradient":""},"tablet":{"background-color":"","background-image":"","background-repeat":"repeat","background-position":"center center","background-size":"auto","background-attachment":"scroll","background-type":"","background-media":"","overlay-type":"","overlay-color":"","overlay-opacity":"","overlay-gradient":""},"mobile":{"background-color":"","background-image":"","background-repeat":"repeat","background-position":"center center","background-size":"auto","background-attachment":"scroll","background-type":"","background-media":"","overlay-type":"","overlay-color":"","overlay-opacity":"","overlay-gradient":""}},"ast-content-background-meta":{"desktop":{"background-color":"var(--ast-global-color-5)","background-image":"","background-repeat":"repeat","background-position":"center center","background-size":"auto","background-attachment":"scroll","background-type":"","background-media":"","overlay-type":"","overlay-color":"","overlay-opacity":"","overlay-gradient":""},"tablet":{"background-color":"var(--ast-global-color-5)","background-image":"","background-repeat":"repeat","background-position":"center center","background-size":"auto","background-attachment":"scroll","background-type":"","background-media":"","overlay-type":"","overlay-color":"","overlay-opacity":"","overlay-gradient":""},"mobile":{"background-color":"var(--ast-global-color-5)","background-image":"","background-repeat":"repeat","background-position":"center center","background-size":"auto","background-attachment":"scroll","background-type":"","background-media":"","overlay-type":"","overlay-color":"","overlay-opacity":"","overlay-gradient":""}}},"product_brand":[],"product_cat":[36],"product_tag":[26,38,40,37,41,39],"class_list":{"0":"post-2361","1":"product","2":"type-product","3":"status-publish","4":"has-post-thumbnail","6":"product_cat-ropa-solidaria","7":"product_tag-animales","8":"product_tag-camiseta","9":"product_tag-ocas","10":"product_tag-ropa","11":"product_tag-santuario","12":"product_tag-solidaria","13":"desktop-align-center","14":"tablet-align-left","15":"mobile-align-left","17":"first","18":"instock","19":"taxable","20":"shipping-taxable","21":"purchasable","22":"product-type-variable"},"yoast_head":"<!-- This site is optimized with the Yoast SEO plugin v26.0 - https:\/\/yoast.com\/wordpress\/plugins\/seo\/ -->\n<title>Camiseta ocas - Santuario Dharma<\/title>\n<meta name=\"description\" content=\"Camiseta con dise\u00f1o &quot;Vinilode Ocas&quot;, hecha bajo demanda. Modelo orientativo: cada prenda es \u00fanica. Apoya el arte y la moda consciente.\" \/>\n<meta name=\"robots\" content=\"index, follow, max-snippet:-1, max-image-preview:large, max-video-preview:-1\" \/>\n<link rel=\"canonical\" href=\"https:\/\/santuariodharma.es\/index.php\/product\/camiseta-vinilode-ocas\/\" \/>\n<meta property=\"og:locale\" content=\"es_ES\" \/>\n<meta property=\"og:type\" content=\"article\" \/>\n<meta property=\"og:title\" content=\"Camiseta ocas - Santuario Dharma\" \/>\n<meta property=\"og:description\" content=\"Camiseta con dise\u00f1o &quot;Vinilode Ocas&quot;, hecha bajo demanda. Modelo orientativo: cada prenda es \u00fanica. Apoya el arte y la moda consciente.\" \/>\n<meta property=\"og:url\" content=\"https:\/\/santuariodharma.es\/index.php\/product\/camiseta-vinilode-ocas\/\" \/>\n<meta property=\"og:site_name\" content=\"Santuario Dharma\" \/>\n<meta property=\"article:modified_time\" content=\"2025-12-10T14:12:04+00:00\" \/>\n<meta property=\"og:image\" content=\"http:\/\/santuariodharma.es\/wp-content\/uploads\/2025\/05\/mockup-of-an-oversized-tee-hanging-from-a-tree-m39840-3-703x1024.png\" \/>\n\t<meta property=\"og:image:width\" content=\"703\" \/>\n\t<meta property=\"og:image:height\" content=\"1024\" \/>\n\t<meta property=\"og:image:type\" content=\"image\/png\" \/>\n<meta name=\"twitter:card\" content=\"summary_large_image\" \/>\n<meta name=\"twitter:label1\" content=\"Tiempo de lectura\" \/>\n\t<meta name=\"twitter:data1\" content=\"1 minuto\" \/>\n<script type=\"application\/ld+json\" class=\"yoast-schema-graph\">{\"@context\":\"https:\/\/schema.org\",\"@graph\":[{\"@type\":\"WebPage\",\"@id\":\"https:\/\/santuariodharma.es\/index.php\/product\/camiseta-vinilode-ocas\/\",\"url\":\"https:\/\/santuariodharma.es\/index.php\/product\/camiseta-vinilode-ocas\/\",\"name\":\"Camiseta ocas - Santuario Dharma\",\"isPartOf\":{\"@id\":\"https:\/\/santuariodharma.es\/#website\"},\"primaryImageOfPage\":{\"@id\":\"https:\/\/santuariodharma.es\/index.php\/product\/camiseta-vinilode-ocas\/#primaryimage\"},\"image\":{\"@id\":\"https:\/\/santuariodharma.es\/index.php\/product\/camiseta-vinilode-ocas\/#primaryimage\"},\"thumbnailUrl\":\"https:\/\/santuariodharma.es\/wp-content\/uploads\/2025\/05\/mockup-of-an-oversized-tee-hanging-from-a-tree-m39840-3.png\",\"datePublished\":\"2025-05-25T12:51:01+00:00\",\"dateModified\":\"2025-12-10T14:12:04+00:00\",\"description\":\"Camiseta con dise\u00f1o \\\"Vinilode Ocas\\\", hecha bajo demanda. Modelo orientativo: cada prenda es \u00fanica. Apoya el arte y la moda consciente.\",\"breadcrumb\":{\"@id\":\"https:\/\/santuariodharma.es\/index.php\/product\/camiseta-vinilode-ocas\/#breadcrumb\"},\"inLanguage\":\"es\",\"potentialAction\":[{\"@type\":\"ReadAction\",\"target\":[\"https:\/\/santuariodharma.es\/index.php\/product\/camiseta-vinilode-ocas\/\"]}]},{\"@type\":\"ImageObject\",\"inLanguage\":\"es\",\"@id\":\"https:\/\/santuariodharma.es\/index.php\/product\/camiseta-vinilode-ocas\/#primaryimage\",\"url\":\"https:\/\/santuariodharma.es\/wp-content\/uploads\/2025\/05\/mockup-of-an-oversized-tee-hanging-from-a-tree-m39840-3.png\",\"contentUrl\":\"https:\/\/santuariodharma.es\/wp-content\/uploads\/2025\/05\/mockup-of-an-oversized-tee-hanging-from-a-tree-m39840-3.png\",\"width\":2000,\"height\":2912},{\"@type\":\"BreadcrumbList\",\"@id\":\"https:\/\/santuariodharma.es\/index.php\/product\/camiseta-vinilode-ocas\/#breadcrumb\",\"itemListElement\":[{\"@type\":\"ListItem\",\"position\":1,\"name\":\"Portada\",\"item\":\"https:\/\/santuariodharma.es\/\"},{\"@type\":\"ListItem\",\"position\":2,\"name\":\"Tienda solidaria\",\"item\":\"https:\/\/santuariodharma.es\/index.php\/shop\/\"},{\"@type\":\"ListItem\",\"position\":3,\"name\":\"Camiseta ocas\"}]},{\"@type\":\"WebSite\",\"@id\":\"https:\/\/santuariodharma.es\/#website\",\"url\":\"https:\/\/santuariodharma.es\/\",\"name\":\"Santuario Dharma\",\"description\":\"Santuario de animales\",\"publisher\":{\"@id\":\"https:\/\/santuariodharma.es\/#organization\"},\"potentialAction\":[{\"@type\":\"SearchAction\",\"target\":{\"@type\":\"EntryPoint\",\"urlTemplate\":\"https:\/\/santuariodharma.es\/?s={search_term_string}\"},\"query-input\":{\"@type\":\"PropertyValueSpecification\",\"valueRequired\":true,\"valueName\":\"search_term_string\"}}],\"inLanguage\":\"es\"},{\"@type\":\"Organization\",\"@id\":\"https:\/\/santuariodharma.es\/#organization\",\"name\":\"Santuario Dharma\",\"url\":\"https:\/\/santuariodharma.es\/\",\"logo\":{\"@type\":\"ImageObject\",\"inLanguage\":\"es\",\"@id\":\"https:\/\/santuariodharma.es\/#\/schema\/logo\/image\/\",\"url\":\"https:\/\/santuariodharma.es\/wp-content\/uploads\/2023\/06\/santuario-dharma-low-resolution-logo-black-on-transparent-background.png\",\"contentUrl\":\"https:\/\/santuariodharma.es\/wp-content\/uploads\/2023\/06\/santuario-dharma-low-resolution-logo-black-on-transparent-background.png\",\"width\":1000,\"height\":270,\"caption\":\"Santuario Dharma\"},\"image\":{\"@id\":\"https:\/\/santuariodharma.es\/#\/schema\/logo\/image\/\"}}]}<\/script>\n<!-- \/ Yoast SEO plugin. -->","yoast_head_json":{"title":"Camiseta ocas - Santuario Dharma","description":"Camiseta con dise\u00f1o \"Vinilode Ocas\", hecha bajo demanda. Modelo orientativo: cada prenda es \u00fanica. Apoya el arte y la moda consciente.","robots":{"index":"index","follow":"follow","max-snippet":"max-snippet:-1","max-image-preview":"max-image-preview:large","max-video-preview":"max-video-preview:-1"},"canonical":"https:\/\/santuariodharma.es\/index.php\/product\/camiseta-vinilode-ocas\/","og_locale":"es_ES","og_type":"article","og_title":"Camiseta ocas - Santuario Dharma","og_description":"Camiseta con dise\u00f1o \"Vinilode Ocas\", hecha bajo demanda. Modelo orientativo: cada prenda es \u00fanica. Apoya el arte y la moda consciente.","og_url":"https:\/\/santuariodharma.es\/index.php\/product\/camiseta-vinilode-ocas\/","og_site_name":"Santuario Dharma","article_modified_time":"2025-12-10T14:12:04+00:00","og_image":[{"width":703,"height":1024,"url":"http:\/\/santuariodharma.es\/wp-content\/uploads\/2025\/05\/mockup-of-an-oversized-tee-hanging-from-a-tree-m39840-3-703x1024.png","type":"image\/png"}],"twitter_card":"summary_large_image","twitter_misc":{"Tiempo de lectura":"1 minuto"},"schema":{"@context":"https:\/\/schema.org","@graph":[{"@type":"WebPage","@id":"https:\/\/santuariodharma.es\/index.php\/product\/camiseta-vinilode-ocas\/","url":"https:\/\/santuariodharma.es\/index.php\/product\/camiseta-vinilode-ocas\/","name":"Camiseta ocas - Santuario Dharma","isPartOf":{"@id":"https:\/\/santuariodharma.es\/#website"},"primaryImageOfPage":{"@id":"https:\/\/santuariodharma.es\/index.php\/product\/camiseta-vinilode-ocas\/#primaryimage"},"image":{"@id":"https:\/\/santuariodharma.es\/index.php\/product\/camiseta-vinilode-ocas\/#primaryimage"},"thumbnailUrl":"https:\/\/santuariodharma.es\/wp-content\/uploads\/2025\/05\/mockup-of-an-oversized-tee-hanging-from-a-tree-m39840-3.png","datePublished":"2025-05-25T12:51:01+00:00","dateModified":"2025-12-10T14:12:04+00:00","description":"Camiseta con dise\u00f1o \"Vinilode Ocas\", hecha bajo demanda. Modelo orientativo: cada prenda es \u00fanica. Apoya el arte y la moda consciente.","breadcrumb":{"@id":"https:\/\/santuariodharma.es\/index.php\/product\/camiseta-vinilode-ocas\/#breadcrumb"},"inLanguage":"es","potentialAction":[{"@type":"ReadAction","target":["https:\/\/santuariodharma.es\/index.php\/product\/camiseta-vinilode-ocas\/"]}]},{"@type":"ImageObject","inLanguage":"es","@id":"https:\/\/santuariodharma.es\/index.php\/product\/camiseta-vinilode-ocas\/#primaryimage","url":"https:\/\/santuariodharma.es\/wp-content\/uploads\/2025\/05\/mockup-of-an-oversized-tee-hanging-from-a-tree-m39840-3.png","contentUrl":"https:\/\/santuariodharma.es\/wp-content\/uploads\/2025\/05\/mockup-of-an-oversized-tee-hanging-from-a-tree-m39840-3.png","width":2000,"height":2912},{"@type":"BreadcrumbList","@id":"https:\/\/santuariodharma.es\/index.php\/product\/camiseta-vinilode-ocas\/#breadcrumb","itemListElement":[{"@type":"ListItem","position":1,"name":"Portada","item":"https:\/\/santuariodharma.es\/"},{"@type":"ListItem","position":2,"name":"Tienda solidaria","item":"https:\/\/santuariodharma.es\/index.php\/shop\/"},{"@type":"ListItem","position":3,"name":"Camiseta ocas"}]},{"@type":"WebSite","@id":"https:\/\/santuariodharma.es\/#website","url":"https:\/\/santuariodharma.es\/","name":"Santuario Dharma","description":"Santuario de animales","publisher":{"@id":"https:\/\/santuariodharma.es\/#organization"},"potentialAction":[{"@type":"SearchAction","target":{"@type":"EntryPoint","urlTemplate":"https:\/\/santuariodharma.es\/?s={search_term_string}"},"query-input":{"@type":"PropertyValueSpecification","valueRequired":true,"valueName":"search_term_string"}}],"inLanguage":"es"},{"@type":"Organization","@id":"https:\/\/santuariodharma.es\/#organization","name":"Santuario Dharma","url":"https:\/\/santuariodharma.es\/","logo":{"@type":"ImageObject","inLanguage":"es","@id":"https:\/\/santuariodharma.es\/#\/schema\/logo\/image\/","url":"https:\/\/santuariodharma.es\/wp-content\/uploads\/2023\/06\/santuario-dharma-low-resolution-logo-black-on-transparent-background.png","contentUrl":"https:\/\/santuariodharma.es\/wp-content\/uploads\/2023\/06\/santuario-dharma-low-resolution-logo-black-on-transparent-background.png","width":1000,"height":270,"caption":"Santuario Dharma"},"image":{"@id":"https:\/\/santuariodharma.es\/#\/schema\/logo\/image\/"}}]}},"uagb_featured_image_src":{"full":["https:\/\/santuariodharma.es\/wp-content\/uploads\/2025\/05\/mockup-of-an-oversized-tee-hanging-from-a-tree-m39840-3.png",2000,2912,false],"thumbnail":["https:\/\/santuariodharma.es\/wp-content\/uploads\/2025\/05\/mockup-of-an-oversized-tee-hanging-from-a-tree-m39840-3-150x150.png",150,150,true],"medium":["https:\/\/santuariodharma.es\/wp-content\/uploads\/2025\/05\/mockup-of-an-oversized-tee-hanging-from-a-tree-m39840-3-206x300.png",206,300,true],"medium_large":["https:\/\/santuariodharma.es\/wp-content\/uploads\/2025\/05\/mockup-of-an-oversized-tee-hanging-from-a-tree-m39840-3-768x1118.png",768,1118,true],"large":["https:\/\/santuariodharma.es\/wp-content\/uploads\/2025\/05\/mockup-of-an-oversized-tee-hanging-from-a-tree-m39840-3-703x1024.png",703,1024,true],"1536x1536":["https:\/\/santuariodharma.es\/wp-content\/uploads\/2025\/05\/mockup-of-an-oversized-tee-hanging-from-a-tree-m39840-3-1055x1536.png",1055,1536,true],"2048x2048":["https:\/\/santuariodharma.es\/wp-content\/uploads\/2025\/05\/mockup-of-an-oversized-tee-hanging-from-a-tree-m39840-3-1407x2048.png",1407,2048,true],"mailpoet_newsletter_max":["https:\/\/santuariodharma.es\/wp-content\/uploads\/2025\/05\/mockup-of-an-oversized-tee-hanging-from-a-tree-m39840-3-1320x1922.png",1320,1922,true],"woocommerce_thumbnail":["https:\/\/santuariodharma.es\/wp-content\/uploads\/2025\/05\/mockup-of-an-oversized-tee-hanging-from-a-tree-m39840-3-300x300.png",300,300,true],"woocommerce_single":["https:\/\/santuariodharma.es\/wp-content\/uploads\/2025\/05\/mockup-of-an-oversized-tee-hanging-from-a-tree-m39840-3-600x874.png",600,874,true],"woocommerce_gallery_thumbnail":["https:\/\/santuariodharma.es\/wp-content\/uploads\/2025\/05\/mockup-of-an-oversized-tee-hanging-from-a-tree-m39840-3-100x100.png",100,100,true]},"uagb_author_info":{"display_name":"santuariodharma.es","author_link":"https:\/\/santuariodharma.es\/index.php\/author\/"},"uagb_comment_info":0,"uagb_excerpt":"Camiseta unisex con dise\u00f1o de Ocas. Hecha bajo demanda por lo que cada una es \u00fanica, \u00a1como t\u00fa!","jetpack_sharing_enabled":true,"_links":{"self":[{"href":"https:\/\/santuariodharma.es\/index.php\/wp-json\/wp\/v2\/product\/2361","targetHints":{"allow":["GET"]}}],"collection":[{"href":"https:\/\/santuariodharma.es\/index.php\/wp-json\/wp\/v2\/product"}],"about":[{"href":"https:\/\/santuariodharma.es\/index.php\/wp-json\/wp\/v2\/types\/product"}],"replies":[{"embeddable":true,"href":"https:\/\/santuariodharma.es\/index.php\/wp-json\/wp\/v2\/comments?post=2361"}],"wp:featuredmedia":[{"embeddable":true,"href":"https:\/\/santuariodharma.es\/index.php\/wp-json\/wp\/v2\/media\/2362"}],"wp:attachment":[{"href":"https:\/\/santuariodharma.es\/index.php\/wp-json\/wp\/v2\/media?parent=2361"}],"wp:term":[{"taxonomy":"product_brand","embeddable":true,"href":"https:\/\/santuariodharma.es\/index.php\/wp-json\/wp\/v2\/product_brand?post=2361"},{"taxonomy":"product_cat","embeddable":true,"href":"https:\/\/santuariodharma.es\/index.php\/wp-json\/wp\/v2\/product_cat?post=2361"},{"taxonomy":"product_tag","embeddable":true,"href":"https:\/\/santuariodharma.es\/index.php\/wp-json\/wp\/v2\/product_tag?post=2361"}],"curies":[{"name":"wp","href":"https:\/\/api.w.org\/{rel}","templated":true}]}}