{"id":2364,"date":"2025-05-25T14:12:33","date_gmt":"2025-05-25T14:12:33","guid":{"rendered":"https:\/\/santuariodharma.es\/?post_type=product&#038;p=2364"},"modified":"2025-12-10T13:57:30","modified_gmt":"2025-12-10T13:57:30","slug":"sudadera-solidaria-ocas","status":"publish","type":"product","link":"https:\/\/santuariodharma.es\/index.php\/product\/sudadera-solidaria-ocas\/","title":{"rendered":"Sudadera ocas"},"content":{"rendered":"<p data-start=\"195\" data-end=\"510\">Abr\u00edgate con estilo y compromiso con esta sudadera de entretiempo con el dise\u00f1o exclusivo de ocas.<br data-start=\"311\" data-end=\"314\" \/>Cada unidad se confecciona bajo demanda, por lo que el modelo de sudadera (color, corte, marca) puede variar ligeramente. Lo que permanece inalterable es el dise\u00f1o, creado con cari\u00f1o y conciencia.<\/p>\n<p data-start=\"512\" data-end=\"698\"><strong data-start=\"512\" data-end=\"527\">Importante:<\/strong><br data-start=\"527\" data-end=\"530\" \/>La sudadera que ves es orientativa. Como trabajamos con ropa a demanda, puede variar en forma o tono. Nos aseguramos de que cada prenda sea c\u00f3moda, duradera y especial.<\/p>\n","protected":false},"excerpt":{"rendered":"<p>Sudadera unisex con dise\u00f1o de Ocas, confeccionada bajo demanda. Cada una es \u00fanica y con prop\u00f3sito, la protecci\u00f3n animal.<\/p>\n","protected":false},"featured_media":2365,"comment_status":"open","ping_status":"closed","template":"","meta":{"_uag_custom_page_level_css":"","site-sidebar-layout":"default","site-content-layout":"","ast-site-content-layout":"default","site-content-style":"default","site-sidebar-style":"default","ast-global-header-display":"","ast-banner-title-visibility":"","ast-main-header-display":"","ast-hfb-above-header-display":"","ast-hfb-below-header-display":"","ast-hfb-mobile-header-display":"","site-post-title":"","ast-breadcrumbs-content":"","ast-featured-img":"","footer-sml-layout":"","theme-transparent-header-meta":"default","adv-header-id-meta":"","stick-header-meta":"","header-above-stick-meta":"","header-main-stick-meta":"","header-below-stick-meta":"","astra-migrate-meta-layouts":"set","ast-page-background-enabled":"default","ast-page-background-meta":{"desktop":{"background-color":"var(--ast-global-color-4)","background-image":"","background-repeat":"repeat","background-position":"center center","background-size":"auto","background-attachment":"scroll","background-type":"","background-media":"","overlay-type":"","overlay-color":"","overlay-opacity":"","overlay-gradient":""},"tablet":{"background-color":"","background-image":"","background-repeat":"repeat","background-position":"center center","background-size":"auto","background-attachment":"scroll","background-type":"","background-media":"","overlay-type":"","overlay-color":"","overlay-opacity":"","overlay-gradient":""},"mobile":{"background-color":"","background-image":"","background-repeat":"repeat","background-position":"center center","background-size":"auto","background-attachment":"scroll","background-type":"","background-media":"","overlay-type":"","overlay-color":"","overlay-opacity":"","overlay-gradient":""}},"ast-content-background-meta":{"desktop":{"background-color":"var(--ast-global-color-5)","background-image":"","background-repeat":"repeat","background-position":"center center","background-size":"auto","background-attachment":"scroll","background-type":"","background-media":"","overlay-type":"","overlay-color":"","overlay-opacity":"","overlay-gradient":""},"tablet":{"background-color":"var(--ast-global-color-5)","background-image":"","background-repeat":"repeat","background-position":"center center","background-size":"auto","background-attachment":"scroll","background-type":"","background-media":"","overlay-type":"","overlay-color":"","overlay-opacity":"","overlay-gradient":""},"mobile":{"background-color":"var(--ast-global-color-5)","background-image":"","background-repeat":"repeat","background-position":"center center","background-size":"auto","background-attachment":"scroll","background-type":"","background-media":"","overlay-type":"","overlay-color":"","overlay-opacity":"","overlay-gradient":""}}},"product_brand":[],"product_cat":[36],"product_tag":[26,40,41,39,42],"class_list":{"0":"post-2364","1":"product","2":"type-product","3":"status-publish","4":"has-post-thumbnail","6":"product_cat-ropa-solidaria","7":"product_tag-animales","8":"product_tag-ocas","9":"product_tag-santuario","10":"product_tag-solidaria","11":"product_tag-sudadera","12":"desktop-align-center","13":"tablet-align-left","14":"mobile-align-left","16":"first","17":"instock","18":"taxable","19":"shipping-taxable","20":"purchasable","21":"product-type-variable"},"yoast_head":"<!-- This site is optimized with the Yoast SEO plugin v26.0 - https:\/\/yoast.com\/wordpress\/plugins\/seo\/ -->\n<title>Sudadera ocas - Santuario Dharma<\/title>\n<meta name=\"description\" content=\"Sudadera de ocas, \u00fanica y hecha bajo demanda. Dise\u00f1o fijo, prenda variable. Moda consciente que apoya al Santuario Dharma.\" \/>\n<meta name=\"robots\" content=\"index, follow, max-snippet:-1, max-image-preview:large, max-video-preview:-1\" \/>\n<link rel=\"canonical\" href=\"https:\/\/santuariodharma.es\/index.php\/product\/sudadera-solidaria-ocas\/\" \/>\n<meta property=\"og:locale\" content=\"es_ES\" \/>\n<meta property=\"og:type\" content=\"article\" \/>\n<meta property=\"og:title\" content=\"Sudadera ocas - Santuario Dharma\" \/>\n<meta property=\"og:description\" content=\"Sudadera de ocas, \u00fanica y hecha bajo demanda. Dise\u00f1o fijo, prenda variable. Moda consciente que apoya al Santuario Dharma.\" \/>\n<meta property=\"og:url\" content=\"https:\/\/santuariodharma.es\/index.php\/product\/sudadera-solidaria-ocas\/\" \/>\n<meta property=\"og:site_name\" content=\"Santuario Dharma\" \/>\n<meta property=\"article:modified_time\" content=\"2025-12-10T13:57:30+00:00\" \/>\n<meta property=\"og:image\" content=\"http:\/\/santuariodharma.es\/wp-content\/uploads\/2025\/05\/gildan-sweatshirt-mockup-featuring-a-cheerful-woman-posing-with-a-cup-of-coffee-m38247-e1748182295298-703x1024.png\" \/>\n\t<meta property=\"og:image:width\" content=\"703\" \/>\n\t<meta property=\"og:image:height\" content=\"1024\" \/>\n\t<meta property=\"og:image:type\" content=\"image\/png\" \/>\n<meta name=\"twitter:card\" content=\"summary_large_image\" \/>\n<meta name=\"twitter:label1\" content=\"Tiempo de lectura\" \/>\n\t<meta name=\"twitter:data1\" content=\"1 minuto\" \/>\n<script type=\"application\/ld+json\" class=\"yoast-schema-graph\">{\"@context\":\"https:\/\/schema.org\",\"@graph\":[{\"@type\":\"WebPage\",\"@id\":\"https:\/\/santuariodharma.es\/index.php\/product\/sudadera-solidaria-ocas\/\",\"url\":\"https:\/\/santuariodharma.es\/index.php\/product\/sudadera-solidaria-ocas\/\",\"name\":\"Sudadera ocas - Santuario Dharma\",\"isPartOf\":{\"@id\":\"https:\/\/santuariodharma.es\/#website\"},\"primaryImageOfPage\":{\"@id\":\"https:\/\/santuariodharma.es\/index.php\/product\/sudadera-solidaria-ocas\/#primaryimage\"},\"image\":{\"@id\":\"https:\/\/santuariodharma.es\/index.php\/product\/sudadera-solidaria-ocas\/#primaryimage\"},\"thumbnailUrl\":\"https:\/\/santuariodharma.es\/wp-content\/uploads\/2025\/05\/gildan-sweatshirt-mockup-featuring-a-cheerful-woman-posing-with-a-cup-of-coffee-m38247-e1748182295298.png\",\"datePublished\":\"2025-05-25T14:12:33+00:00\",\"dateModified\":\"2025-12-10T13:57:30+00:00\",\"description\":\"Sudadera de ocas, \u00fanica y hecha bajo demanda. Dise\u00f1o fijo, prenda variable. Moda consciente que apoya al Santuario Dharma.\",\"breadcrumb\":{\"@id\":\"https:\/\/santuariodharma.es\/index.php\/product\/sudadera-solidaria-ocas\/#breadcrumb\"},\"inLanguage\":\"es\",\"potentialAction\":[{\"@type\":\"ReadAction\",\"target\":[\"https:\/\/santuariodharma.es\/index.php\/product\/sudadera-solidaria-ocas\/\"]}]},{\"@type\":\"ImageObject\",\"inLanguage\":\"es\",\"@id\":\"https:\/\/santuariodharma.es\/index.php\/product\/sudadera-solidaria-ocas\/#primaryimage\",\"url\":\"https:\/\/santuariodharma.es\/wp-content\/uploads\/2025\/05\/gildan-sweatshirt-mockup-featuring-a-cheerful-woman-posing-with-a-cup-of-coffee-m38247-e1748182295298.png\",\"contentUrl\":\"https:\/\/santuariodharma.es\/wp-content\/uploads\/2025\/05\/gildan-sweatshirt-mockup-featuring-a-cheerful-woman-posing-with-a-cup-of-coffee-m38247-e1748182295298.png\",\"width\":1655,\"height\":2410},{\"@type\":\"BreadcrumbList\",\"@id\":\"https:\/\/santuariodharma.es\/index.php\/product\/sudadera-solidaria-ocas\/#breadcrumb\",\"itemListElement\":[{\"@type\":\"ListItem\",\"position\":1,\"name\":\"Portada\",\"item\":\"https:\/\/santuariodharma.es\/\"},{\"@type\":\"ListItem\",\"position\":2,\"name\":\"Tienda solidaria\",\"item\":\"https:\/\/santuariodharma.es\/index.php\/shop\/\"},{\"@type\":\"ListItem\",\"position\":3,\"name\":\"Sudadera ocas\"}]},{\"@type\":\"WebSite\",\"@id\":\"https:\/\/santuariodharma.es\/#website\",\"url\":\"https:\/\/santuariodharma.es\/\",\"name\":\"Santuario Dharma\",\"description\":\"Santuario de animales\",\"publisher\":{\"@id\":\"https:\/\/santuariodharma.es\/#organization\"},\"potentialAction\":[{\"@type\":\"SearchAction\",\"target\":{\"@type\":\"EntryPoint\",\"urlTemplate\":\"https:\/\/santuariodharma.es\/?s={search_term_string}\"},\"query-input\":{\"@type\":\"PropertyValueSpecification\",\"valueRequired\":true,\"valueName\":\"search_term_string\"}}],\"inLanguage\":\"es\"},{\"@type\":\"Organization\",\"@id\":\"https:\/\/santuariodharma.es\/#organization\",\"name\":\"Santuario Dharma\",\"url\":\"https:\/\/santuariodharma.es\/\",\"logo\":{\"@type\":\"ImageObject\",\"inLanguage\":\"es\",\"@id\":\"https:\/\/santuariodharma.es\/#\/schema\/logo\/image\/\",\"url\":\"https:\/\/santuariodharma.es\/wp-content\/uploads\/2023\/06\/santuario-dharma-low-resolution-logo-black-on-transparent-background.png\",\"contentUrl\":\"https:\/\/santuariodharma.es\/wp-content\/uploads\/2023\/06\/santuario-dharma-low-resolution-logo-black-on-transparent-background.png\",\"width\":1000,\"height\":270,\"caption\":\"Santuario Dharma\"},\"image\":{\"@id\":\"https:\/\/santuariodharma.es\/#\/schema\/logo\/image\/\"}}]}<\/script>\n<!-- \/ Yoast SEO plugin. -->","yoast_head_json":{"title":"Sudadera ocas - Santuario Dharma","description":"Sudadera de ocas, \u00fanica y hecha bajo demanda. Dise\u00f1o fijo, prenda variable. Moda consciente que apoya al Santuario Dharma.","robots":{"index":"index","follow":"follow","max-snippet":"max-snippet:-1","max-image-preview":"max-image-preview:large","max-video-preview":"max-video-preview:-1"},"canonical":"https:\/\/santuariodharma.es\/index.php\/product\/sudadera-solidaria-ocas\/","og_locale":"es_ES","og_type":"article","og_title":"Sudadera ocas - Santuario Dharma","og_description":"Sudadera de ocas, \u00fanica y hecha bajo demanda. Dise\u00f1o fijo, prenda variable. Moda consciente que apoya al Santuario Dharma.","og_url":"https:\/\/santuariodharma.es\/index.php\/product\/sudadera-solidaria-ocas\/","og_site_name":"Santuario Dharma","article_modified_time":"2025-12-10T13:57:30+00:00","og_image":[{"width":703,"height":1024,"url":"http:\/\/santuariodharma.es\/wp-content\/uploads\/2025\/05\/gildan-sweatshirt-mockup-featuring-a-cheerful-woman-posing-with-a-cup-of-coffee-m38247-e1748182295298-703x1024.png","type":"image\/png"}],"twitter_card":"summary_large_image","twitter_misc":{"Tiempo de lectura":"1 minuto"},"schema":{"@context":"https:\/\/schema.org","@graph":[{"@type":"WebPage","@id":"https:\/\/santuariodharma.es\/index.php\/product\/sudadera-solidaria-ocas\/","url":"https:\/\/santuariodharma.es\/index.php\/product\/sudadera-solidaria-ocas\/","name":"Sudadera ocas - Santuario Dharma","isPartOf":{"@id":"https:\/\/santuariodharma.es\/#website"},"primaryImageOfPage":{"@id":"https:\/\/santuariodharma.es\/index.php\/product\/sudadera-solidaria-ocas\/#primaryimage"},"image":{"@id":"https:\/\/santuariodharma.es\/index.php\/product\/sudadera-solidaria-ocas\/#primaryimage"},"thumbnailUrl":"https:\/\/santuariodharma.es\/wp-content\/uploads\/2025\/05\/gildan-sweatshirt-mockup-featuring-a-cheerful-woman-posing-with-a-cup-of-coffee-m38247-e1748182295298.png","datePublished":"2025-05-25T14:12:33+00:00","dateModified":"2025-12-10T13:57:30+00:00","description":"Sudadera de ocas, \u00fanica y hecha bajo demanda. Dise\u00f1o fijo, prenda variable. Moda consciente que apoya al Santuario Dharma.","breadcrumb":{"@id":"https:\/\/santuariodharma.es\/index.php\/product\/sudadera-solidaria-ocas\/#breadcrumb"},"inLanguage":"es","potentialAction":[{"@type":"ReadAction","target":["https:\/\/santuariodharma.es\/index.php\/product\/sudadera-solidaria-ocas\/"]}]},{"@type":"ImageObject","inLanguage":"es","@id":"https:\/\/santuariodharma.es\/index.php\/product\/sudadera-solidaria-ocas\/#primaryimage","url":"https:\/\/santuariodharma.es\/wp-content\/uploads\/2025\/05\/gildan-sweatshirt-mockup-featuring-a-cheerful-woman-posing-with-a-cup-of-coffee-m38247-e1748182295298.png","contentUrl":"https:\/\/santuariodharma.es\/wp-content\/uploads\/2025\/05\/gildan-sweatshirt-mockup-featuring-a-cheerful-woman-posing-with-a-cup-of-coffee-m38247-e1748182295298.png","width":1655,"height":2410},{"@type":"BreadcrumbList","@id":"https:\/\/santuariodharma.es\/index.php\/product\/sudadera-solidaria-ocas\/#breadcrumb","itemListElement":[{"@type":"ListItem","position":1,"name":"Portada","item":"https:\/\/santuariodharma.es\/"},{"@type":"ListItem","position":2,"name":"Tienda solidaria","item":"https:\/\/santuariodharma.es\/index.php\/shop\/"},{"@type":"ListItem","position":3,"name":"Sudadera ocas"}]},{"@type":"WebSite","@id":"https:\/\/santuariodharma.es\/#website","url":"https:\/\/santuariodharma.es\/","name":"Santuario Dharma","description":"Santuario de animales","publisher":{"@id":"https:\/\/santuariodharma.es\/#organization"},"potentialAction":[{"@type":"SearchAction","target":{"@type":"EntryPoint","urlTemplate":"https:\/\/santuariodharma.es\/?s={search_term_string}"},"query-input":{"@type":"PropertyValueSpecification","valueRequired":true,"valueName":"search_term_string"}}],"inLanguage":"es"},{"@type":"Organization","@id":"https:\/\/santuariodharma.es\/#organization","name":"Santuario Dharma","url":"https:\/\/santuariodharma.es\/","logo":{"@type":"ImageObject","inLanguage":"es","@id":"https:\/\/santuariodharma.es\/#\/schema\/logo\/image\/","url":"https:\/\/santuariodharma.es\/wp-content\/uploads\/2023\/06\/santuario-dharma-low-resolution-logo-black-on-transparent-background.png","contentUrl":"https:\/\/santuariodharma.es\/wp-content\/uploads\/2023\/06\/santuario-dharma-low-resolution-logo-black-on-transparent-background.png","width":1000,"height":270,"caption":"Santuario Dharma"},"image":{"@id":"https:\/\/santuariodharma.es\/#\/schema\/logo\/image\/"}}]}},"uagb_featured_image_src":{"full":["https:\/\/santuariodharma.es\/wp-content\/uploads\/2025\/05\/gildan-sweatshirt-mockup-featuring-a-cheerful-woman-posing-with-a-cup-of-coffee-m38247-e1748182295298.png",1655,2410,false],"thumbnail":["https:\/\/santuariodharma.es\/wp-content\/uploads\/2025\/05\/gildan-sweatshirt-mockup-featuring-a-cheerful-woman-posing-with-a-cup-of-coffee-m38247-e1748182295298-150x150.png",150,150,true],"medium":["https:\/\/santuariodharma.es\/wp-content\/uploads\/2025\/05\/gildan-sweatshirt-mockup-featuring-a-cheerful-woman-posing-with-a-cup-of-coffee-m38247-e1748182295298-206x300.png",206,300,true],"medium_large":["https:\/\/santuariodharma.es\/wp-content\/uploads\/2025\/05\/gildan-sweatshirt-mockup-featuring-a-cheerful-woman-posing-with-a-cup-of-coffee-m38247-e1748182295298-768x1118.png",768,1118,true],"large":["https:\/\/santuariodharma.es\/wp-content\/uploads\/2025\/05\/gildan-sweatshirt-mockup-featuring-a-cheerful-woman-posing-with-a-cup-of-coffee-m38247-e1748182295298-703x1024.png",703,1024,true],"1536x1536":["https:\/\/santuariodharma.es\/wp-content\/uploads\/2025\/05\/gildan-sweatshirt-mockup-featuring-a-cheerful-woman-posing-with-a-cup-of-coffee-m38247-e1748182295298-1055x1536.png",1055,1536,true],"2048x2048":["https:\/\/santuariodharma.es\/wp-content\/uploads\/2025\/05\/gildan-sweatshirt-mockup-featuring-a-cheerful-woman-posing-with-a-cup-of-coffee-m38247-e1748182295298-1406x2048.png",1406,2048,true],"mailpoet_newsletter_max":["https:\/\/santuariodharma.es\/wp-content\/uploads\/2025\/05\/gildan-sweatshirt-mockup-featuring-a-cheerful-woman-posing-with-a-cup-of-coffee-m38247-e1748182295298-1320x1922.png",1320,1922,true],"woocommerce_thumbnail":["https:\/\/santuariodharma.es\/wp-content\/uploads\/2025\/05\/gildan-sweatshirt-mockup-featuring-a-cheerful-woman-posing-with-a-cup-of-coffee-m38247-e1748182295298-300x300.png",300,300,true],"woocommerce_single":["https:\/\/santuariodharma.es\/wp-content\/uploads\/2025\/05\/gildan-sweatshirt-mockup-featuring-a-cheerful-woman-posing-with-a-cup-of-coffee-m38247-e1748182295298-600x874.png",600,874,true],"woocommerce_gallery_thumbnail":["https:\/\/santuariodharma.es\/wp-content\/uploads\/2025\/05\/gildan-sweatshirt-mockup-featuring-a-cheerful-woman-posing-with-a-cup-of-coffee-m38247-e1748182295298-100x100.png",100,100,true]},"uagb_author_info":{"display_name":"santuariodharma.es","author_link":"https:\/\/santuariodharma.es\/index.php\/author\/"},"uagb_comment_info":0,"uagb_excerpt":"Sudadera unisex con dise\u00f1o de Ocas, confeccionada bajo demanda. Cada una es \u00fanica y con prop\u00f3sito, la protecci\u00f3n animal.","jetpack_sharing_enabled":true,"_links":{"self":[{"href":"https:\/\/santuariodharma.es\/index.php\/wp-json\/wp\/v2\/product\/2364","targetHints":{"allow":["GET"]}}],"collection":[{"href":"https:\/\/santuariodharma.es\/index.php\/wp-json\/wp\/v2\/product"}],"about":[{"href":"https:\/\/santuariodharma.es\/index.php\/wp-json\/wp\/v2\/types\/product"}],"replies":[{"embeddable":true,"href":"https:\/\/santuariodharma.es\/index.php\/wp-json\/wp\/v2\/comments?post=2364"}],"wp:featuredmedia":[{"embeddable":true,"href":"https:\/\/santuariodharma.es\/index.php\/wp-json\/wp\/v2\/media\/2365"}],"wp:attachment":[{"href":"https:\/\/santuariodharma.es\/index.php\/wp-json\/wp\/v2\/media?parent=2364"}],"wp:term":[{"taxonomy":"product_brand","embeddable":true,"href":"https:\/\/santuariodharma.es\/index.php\/wp-json\/wp\/v2\/product_brand?post=2364"},{"taxonomy":"product_cat","embeddable":true,"href":"https:\/\/santuariodharma.es\/index.php\/wp-json\/wp\/v2\/product_cat?post=2364"},{"taxonomy":"product_tag","embeddable":true,"href":"https:\/\/santuariodharma.es\/index.php\/wp-json\/wp\/v2\/product_tag?post=2364"}],"curies":[{"name":"wp","href":"https:\/\/api.w.org\/{rel}","templated":true}]}}