{"id":2698,"date":"2025-05-29T18:20:36","date_gmt":"2025-05-29T18:20:36","guid":{"rendered":"https:\/\/santuariodharma.es\/?post_type=product&#038;p=2698"},"modified":"2025-12-10T13:50:19","modified_gmt":"2025-12-10T13:50:19","slug":"sudadera-cabra-solidareia","status":"publish","type":"product","link":"https:\/\/santuariodharma.es\/index.php\/product\/sudadera-cabra-solidareia\/","title":{"rendered":"Sudadera cabra"},"content":{"rendered":"<p>Sudadera entretiempo solidaria con el dise\u00f1o de una cabra. Beneficios destinados a los animales del santuario Dharma.<\/p>\n<p>IMPORTANTE<\/p>\n<p>las prendas se realizan a demanda, por lo que es posible que la sudadera no presente la forma o el color exactos. Las fotograf\u00edas se presentan para que el consumidor pueda visualizar como quedar\u00eda el dise\u00f1o.<\/p>\n","protected":false},"excerpt":{"rendered":"<p>Sudadera solidaria con dise\u00f1o de cabra, a favor de los animales del Santuario Dharma.<\/p>\n","protected":false},"featured_media":2657,"comment_status":"open","ping_status":"closed","template":"","meta":{"_uag_custom_page_level_css":"","site-sidebar-layout":"default","site-content-layout":"","ast-site-content-layout":"default","site-content-style":"default","site-sidebar-style":"default","ast-global-header-display":"","ast-banner-title-visibility":"","ast-main-header-display":"","ast-hfb-above-header-display":"","ast-hfb-below-header-display":"","ast-hfb-mobile-header-display":"","site-post-title":"","ast-breadcrumbs-content":"","ast-featured-img":"","footer-sml-layout":"","theme-transparent-header-meta":"default","adv-header-id-meta":"","stick-header-meta":"","header-above-stick-meta":"","header-main-stick-meta":"","header-below-stick-meta":"","astra-migrate-meta-layouts":"set","ast-page-background-enabled":"default","ast-page-background-meta":{"desktop":{"background-color":"var(--ast-global-color-4)","background-image":"","background-repeat":"repeat","background-position":"center center","background-size":"auto","background-attachment":"scroll","background-type":"","background-media":"","overlay-type":"","overlay-color":"","overlay-opacity":"","overlay-gradient":""},"tablet":{"background-color":"","background-image":"","background-repeat":"repeat","background-position":"center center","background-size":"auto","background-attachment":"scroll","background-type":"","background-media":"","overlay-type":"","overlay-color":"","overlay-opacity":"","overlay-gradient":""},"mobile":{"background-color":"","background-image":"","background-repeat":"repeat","background-position":"center center","background-size":"auto","background-attachment":"scroll","background-type":"","background-media":"","overlay-type":"","overlay-color":"","overlay-opacity":"","overlay-gradient":""}},"ast-content-background-meta":{"desktop":{"background-color":"var(--ast-global-color-5)","background-image":"","background-repeat":"repeat","background-position":"center center","background-size":"auto","background-attachment":"scroll","background-type":"","background-media":"","overlay-type":"","overlay-color":"","overlay-opacity":"","overlay-gradient":""},"tablet":{"background-color":"var(--ast-global-color-5)","background-image":"","background-repeat":"repeat","background-position":"center center","background-size":"auto","background-attachment":"scroll","background-type":"","background-media":"","overlay-type":"","overlay-color":"","overlay-opacity":"","overlay-gradient":""},"mobile":{"background-color":"var(--ast-global-color-5)","background-image":"","background-repeat":"repeat","background-position":"center center","background-size":"auto","background-attachment":"scroll","background-type":"","background-media":"","overlay-type":"","overlay-color":"","overlay-opacity":"","overlay-gradient":""}}},"product_brand":[],"product_cat":[36],"product_tag":[26,50,46,41,39,42],"class_list":{"0":"post-2698","1":"product","2":"type-product","3":"status-publish","4":"has-post-thumbnail","6":"product_cat-ropa-solidaria","7":"product_tag-animales","8":"product_tag-cabra","9":"product_tag-refugio","10":"product_tag-santuario","11":"product_tag-solidaria","12":"product_tag-sudadera","13":"desktop-align-center","14":"tablet-align-left","15":"mobile-align-left","17":"first","18":"instock","19":"taxable","20":"shipping-taxable","21":"purchasable","22":"product-type-variable"},"yoast_head":"<!-- This site is optimized with the Yoast SEO plugin v26.0 - https:\/\/yoast.com\/wordpress\/plugins\/seo\/ -->\n<title>Sudadera cabra - Santuario Dharma<\/title>\n<meta name=\"description\" content=\"Sudadera solidaria &#039;La Cabra del Refugio&#039;: apoya nuestro santuario de animales con estilo y conciencia. Dise\u00f1o \u00fanico que refleja el compromiso con el bienestar animal. \u00a1\u00danete y ayuda\" \/>\n<meta name=\"robots\" content=\"index, follow, max-snippet:-1, max-image-preview:large, max-video-preview:-1\" \/>\n<link rel=\"canonical\" href=\"https:\/\/santuariodharma.es\/index.php\/product\/sudadera-cabra-solidareia\/\" \/>\n<meta property=\"og:locale\" content=\"es_ES\" \/>\n<meta property=\"og:type\" content=\"article\" \/>\n<meta property=\"og:title\" content=\"Sudadera cabra - Santuario Dharma\" \/>\n<meta property=\"og:description\" content=\"Sudadera solidaria &#039;La Cabra del Refugio&#039;: apoya nuestro santuario de animales con estilo y conciencia. Dise\u00f1o \u00fanico que refleja el compromiso con el bienestar animal. \u00a1\u00danete y ayuda\" \/>\n<meta property=\"og:url\" content=\"https:\/\/santuariodharma.es\/index.php\/product\/sudadera-cabra-solidareia\/\" \/>\n<meta property=\"og:site_name\" content=\"Santuario Dharma\" \/>\n<meta property=\"article:modified_time\" content=\"2025-12-10T13:50:19+00:00\" \/>\n<meta property=\"og:image\" content=\"http:\/\/santuariodharma.es\/wp-content\/uploads\/2025\/05\/mockup-of-a-woman-wearing-an-oversized-sweatshirt-and-pink-sunglasses-m25235-2-683x1024.png\" \/>\n\t<meta property=\"og:image:width\" content=\"683\" \/>\n\t<meta property=\"og:image:height\" content=\"1024\" \/>\n\t<meta property=\"og:image:type\" content=\"image\/png\" \/>\n<meta name=\"twitter:card\" content=\"summary_large_image\" \/>\n<meta name=\"twitter:label1\" content=\"Tiempo de lectura\" \/>\n\t<meta name=\"twitter:data1\" content=\"1 minuto\" \/>\n<script type=\"application\/ld+json\" class=\"yoast-schema-graph\">{\"@context\":\"https:\/\/schema.org\",\"@graph\":[{\"@type\":\"WebPage\",\"@id\":\"https:\/\/santuariodharma.es\/index.php\/product\/sudadera-cabra-solidareia\/\",\"url\":\"https:\/\/santuariodharma.es\/index.php\/product\/sudadera-cabra-solidareia\/\",\"name\":\"Sudadera cabra - Santuario Dharma\",\"isPartOf\":{\"@id\":\"https:\/\/santuariodharma.es\/#website\"},\"primaryImageOfPage\":{\"@id\":\"https:\/\/santuariodharma.es\/index.php\/product\/sudadera-cabra-solidareia\/#primaryimage\"},\"image\":{\"@id\":\"https:\/\/santuariodharma.es\/index.php\/product\/sudadera-cabra-solidareia\/#primaryimage\"},\"thumbnailUrl\":\"https:\/\/santuariodharma.es\/wp-content\/uploads\/2025\/05\/mockup-of-a-woman-wearing-an-oversized-sweatshirt-and-pink-sunglasses-m25235-2.png\",\"datePublished\":\"2025-05-29T18:20:36+00:00\",\"dateModified\":\"2025-12-10T13:50:19+00:00\",\"description\":\"Sudadera solidaria 'La Cabra del Refugio': apoya nuestro santuario de animales con estilo y conciencia. Dise\u00f1o \u00fanico que refleja el compromiso con el bienestar animal. \u00a1\u00danete y ayuda\",\"breadcrumb\":{\"@id\":\"https:\/\/santuariodharma.es\/index.php\/product\/sudadera-cabra-solidareia\/#breadcrumb\"},\"inLanguage\":\"es\",\"potentialAction\":[{\"@type\":\"ReadAction\",\"target\":[\"https:\/\/santuariodharma.es\/index.php\/product\/sudadera-cabra-solidareia\/\"]}]},{\"@type\":\"ImageObject\",\"inLanguage\":\"es\",\"@id\":\"https:\/\/santuariodharma.es\/index.php\/product\/sudadera-cabra-solidareia\/#primaryimage\",\"url\":\"https:\/\/santuariodharma.es\/wp-content\/uploads\/2025\/05\/mockup-of-a-woman-wearing-an-oversized-sweatshirt-and-pink-sunglasses-m25235-2.png\",\"contentUrl\":\"https:\/\/santuariodharma.es\/wp-content\/uploads\/2025\/05\/mockup-of-a-woman-wearing-an-oversized-sweatshirt-and-pink-sunglasses-m25235-2.png\",\"width\":1440,\"height\":2160},{\"@type\":\"BreadcrumbList\",\"@id\":\"https:\/\/santuariodharma.es\/index.php\/product\/sudadera-cabra-solidareia\/#breadcrumb\",\"itemListElement\":[{\"@type\":\"ListItem\",\"position\":1,\"name\":\"Portada\",\"item\":\"https:\/\/santuariodharma.es\/\"},{\"@type\":\"ListItem\",\"position\":2,\"name\":\"Tienda solidaria\",\"item\":\"https:\/\/santuariodharma.es\/index.php\/shop\/\"},{\"@type\":\"ListItem\",\"position\":3,\"name\":\"Sudadera cabra\"}]},{\"@type\":\"WebSite\",\"@id\":\"https:\/\/santuariodharma.es\/#website\",\"url\":\"https:\/\/santuariodharma.es\/\",\"name\":\"Santuario Dharma\",\"description\":\"Santuario de animales\",\"publisher\":{\"@id\":\"https:\/\/santuariodharma.es\/#organization\"},\"potentialAction\":[{\"@type\":\"SearchAction\",\"target\":{\"@type\":\"EntryPoint\",\"urlTemplate\":\"https:\/\/santuariodharma.es\/?s={search_term_string}\"},\"query-input\":{\"@type\":\"PropertyValueSpecification\",\"valueRequired\":true,\"valueName\":\"search_term_string\"}}],\"inLanguage\":\"es\"},{\"@type\":\"Organization\",\"@id\":\"https:\/\/santuariodharma.es\/#organization\",\"name\":\"Santuario Dharma\",\"url\":\"https:\/\/santuariodharma.es\/\",\"logo\":{\"@type\":\"ImageObject\",\"inLanguage\":\"es\",\"@id\":\"https:\/\/santuariodharma.es\/#\/schema\/logo\/image\/\",\"url\":\"https:\/\/santuariodharma.es\/wp-content\/uploads\/2023\/06\/santuario-dharma-low-resolution-logo-black-on-transparent-background.png\",\"contentUrl\":\"https:\/\/santuariodharma.es\/wp-content\/uploads\/2023\/06\/santuario-dharma-low-resolution-logo-black-on-transparent-background.png\",\"width\":1000,\"height\":270,\"caption\":\"Santuario Dharma\"},\"image\":{\"@id\":\"https:\/\/santuariodharma.es\/#\/schema\/logo\/image\/\"}}]}<\/script>\n<!-- \/ Yoast SEO plugin. -->","yoast_head_json":{"title":"Sudadera cabra - Santuario Dharma","description":"Sudadera solidaria 'La Cabra del Refugio': apoya nuestro santuario de animales con estilo y conciencia. Dise\u00f1o \u00fanico que refleja el compromiso con el bienestar animal. \u00a1\u00danete y ayuda","robots":{"index":"index","follow":"follow","max-snippet":"max-snippet:-1","max-image-preview":"max-image-preview:large","max-video-preview":"max-video-preview:-1"},"canonical":"https:\/\/santuariodharma.es\/index.php\/product\/sudadera-cabra-solidareia\/","og_locale":"es_ES","og_type":"article","og_title":"Sudadera cabra - Santuario Dharma","og_description":"Sudadera solidaria 'La Cabra del Refugio': apoya nuestro santuario de animales con estilo y conciencia. Dise\u00f1o \u00fanico que refleja el compromiso con el bienestar animal. \u00a1\u00danete y ayuda","og_url":"https:\/\/santuariodharma.es\/index.php\/product\/sudadera-cabra-solidareia\/","og_site_name":"Santuario Dharma","article_modified_time":"2025-12-10T13:50:19+00:00","og_image":[{"width":683,"height":1024,"url":"http:\/\/santuariodharma.es\/wp-content\/uploads\/2025\/05\/mockup-of-a-woman-wearing-an-oversized-sweatshirt-and-pink-sunglasses-m25235-2-683x1024.png","type":"image\/png"}],"twitter_card":"summary_large_image","twitter_misc":{"Tiempo de lectura":"1 minuto"},"schema":{"@context":"https:\/\/schema.org","@graph":[{"@type":"WebPage","@id":"https:\/\/santuariodharma.es\/index.php\/product\/sudadera-cabra-solidareia\/","url":"https:\/\/santuariodharma.es\/index.php\/product\/sudadera-cabra-solidareia\/","name":"Sudadera cabra - Santuario Dharma","isPartOf":{"@id":"https:\/\/santuariodharma.es\/#website"},"primaryImageOfPage":{"@id":"https:\/\/santuariodharma.es\/index.php\/product\/sudadera-cabra-solidareia\/#primaryimage"},"image":{"@id":"https:\/\/santuariodharma.es\/index.php\/product\/sudadera-cabra-solidareia\/#primaryimage"},"thumbnailUrl":"https:\/\/santuariodharma.es\/wp-content\/uploads\/2025\/05\/mockup-of-a-woman-wearing-an-oversized-sweatshirt-and-pink-sunglasses-m25235-2.png","datePublished":"2025-05-29T18:20:36+00:00","dateModified":"2025-12-10T13:50:19+00:00","description":"Sudadera solidaria 'La Cabra del Refugio': apoya nuestro santuario de animales con estilo y conciencia. Dise\u00f1o \u00fanico que refleja el compromiso con el bienestar animal. \u00a1\u00danete y ayuda","breadcrumb":{"@id":"https:\/\/santuariodharma.es\/index.php\/product\/sudadera-cabra-solidareia\/#breadcrumb"},"inLanguage":"es","potentialAction":[{"@type":"ReadAction","target":["https:\/\/santuariodharma.es\/index.php\/product\/sudadera-cabra-solidareia\/"]}]},{"@type":"ImageObject","inLanguage":"es","@id":"https:\/\/santuariodharma.es\/index.php\/product\/sudadera-cabra-solidareia\/#primaryimage","url":"https:\/\/santuariodharma.es\/wp-content\/uploads\/2025\/05\/mockup-of-a-woman-wearing-an-oversized-sweatshirt-and-pink-sunglasses-m25235-2.png","contentUrl":"https:\/\/santuariodharma.es\/wp-content\/uploads\/2025\/05\/mockup-of-a-woman-wearing-an-oversized-sweatshirt-and-pink-sunglasses-m25235-2.png","width":1440,"height":2160},{"@type":"BreadcrumbList","@id":"https:\/\/santuariodharma.es\/index.php\/product\/sudadera-cabra-solidareia\/#breadcrumb","itemListElement":[{"@type":"ListItem","position":1,"name":"Portada","item":"https:\/\/santuariodharma.es\/"},{"@type":"ListItem","position":2,"name":"Tienda solidaria","item":"https:\/\/santuariodharma.es\/index.php\/shop\/"},{"@type":"ListItem","position":3,"name":"Sudadera cabra"}]},{"@type":"WebSite","@id":"https:\/\/santuariodharma.es\/#website","url":"https:\/\/santuariodharma.es\/","name":"Santuario Dharma","description":"Santuario de animales","publisher":{"@id":"https:\/\/santuariodharma.es\/#organization"},"potentialAction":[{"@type":"SearchAction","target":{"@type":"EntryPoint","urlTemplate":"https:\/\/santuariodharma.es\/?s={search_term_string}"},"query-input":{"@type":"PropertyValueSpecification","valueRequired":true,"valueName":"search_term_string"}}],"inLanguage":"es"},{"@type":"Organization","@id":"https:\/\/santuariodharma.es\/#organization","name":"Santuario Dharma","url":"https:\/\/santuariodharma.es\/","logo":{"@type":"ImageObject","inLanguage":"es","@id":"https:\/\/santuariodharma.es\/#\/schema\/logo\/image\/","url":"https:\/\/santuariodharma.es\/wp-content\/uploads\/2023\/06\/santuario-dharma-low-resolution-logo-black-on-transparent-background.png","contentUrl":"https:\/\/santuariodharma.es\/wp-content\/uploads\/2023\/06\/santuario-dharma-low-resolution-logo-black-on-transparent-background.png","width":1000,"height":270,"caption":"Santuario Dharma"},"image":{"@id":"https:\/\/santuariodharma.es\/#\/schema\/logo\/image\/"}}]}},"uagb_featured_image_src":{"full":["https:\/\/santuariodharma.es\/wp-content\/uploads\/2025\/05\/mockup-of-a-woman-wearing-an-oversized-sweatshirt-and-pink-sunglasses-m25235-2.png",1440,2160,false],"thumbnail":["https:\/\/santuariodharma.es\/wp-content\/uploads\/2025\/05\/mockup-of-a-woman-wearing-an-oversized-sweatshirt-and-pink-sunglasses-m25235-2-150x150.png",150,150,true],"medium":["https:\/\/santuariodharma.es\/wp-content\/uploads\/2025\/05\/mockup-of-a-woman-wearing-an-oversized-sweatshirt-and-pink-sunglasses-m25235-2-200x300.png",200,300,true],"medium_large":["https:\/\/santuariodharma.es\/wp-content\/uploads\/2025\/05\/mockup-of-a-woman-wearing-an-oversized-sweatshirt-and-pink-sunglasses-m25235-2-768x1152.png",768,1152,true],"large":["https:\/\/santuariodharma.es\/wp-content\/uploads\/2025\/05\/mockup-of-a-woman-wearing-an-oversized-sweatshirt-and-pink-sunglasses-m25235-2-683x1024.png",683,1024,true],"1536x1536":["https:\/\/santuariodharma.es\/wp-content\/uploads\/2025\/05\/mockup-of-a-woman-wearing-an-oversized-sweatshirt-and-pink-sunglasses-m25235-2-1024x1536.png",1024,1536,true],"2048x2048":["https:\/\/santuariodharma.es\/wp-content\/uploads\/2025\/05\/mockup-of-a-woman-wearing-an-oversized-sweatshirt-and-pink-sunglasses-m25235-2-1365x2048.png",1365,2048,true],"mailpoet_newsletter_max":["https:\/\/santuariodharma.es\/wp-content\/uploads\/2025\/05\/mockup-of-a-woman-wearing-an-oversized-sweatshirt-and-pink-sunglasses-m25235-2-1320x1980.png",1320,1980,true],"woocommerce_thumbnail":["https:\/\/santuariodharma.es\/wp-content\/uploads\/2025\/05\/mockup-of-a-woman-wearing-an-oversized-sweatshirt-and-pink-sunglasses-m25235-2-300x300.png",300,300,true],"woocommerce_single":["https:\/\/santuariodharma.es\/wp-content\/uploads\/2025\/05\/mockup-of-a-woman-wearing-an-oversized-sweatshirt-and-pink-sunglasses-m25235-2-600x900.png",600,900,true],"woocommerce_gallery_thumbnail":["https:\/\/santuariodharma.es\/wp-content\/uploads\/2025\/05\/mockup-of-a-woman-wearing-an-oversized-sweatshirt-and-pink-sunglasses-m25235-2-100x100.png",100,100,true]},"uagb_author_info":{"display_name":"santuariodharma.es","author_link":"https:\/\/santuariodharma.es\/index.php\/author\/"},"uagb_comment_info":0,"uagb_excerpt":"Sudadera solidaria con dise\u00f1o de cabra, a favor de los animales del Santuario Dharma.","jetpack_sharing_enabled":true,"_links":{"self":[{"href":"https:\/\/santuariodharma.es\/index.php\/wp-json\/wp\/v2\/product\/2698","targetHints":{"allow":["GET"]}}],"collection":[{"href":"https:\/\/santuariodharma.es\/index.php\/wp-json\/wp\/v2\/product"}],"about":[{"href":"https:\/\/santuariodharma.es\/index.php\/wp-json\/wp\/v2\/types\/product"}],"replies":[{"embeddable":true,"href":"https:\/\/santuariodharma.es\/index.php\/wp-json\/wp\/v2\/comments?post=2698"}],"wp:featuredmedia":[{"embeddable":true,"href":"https:\/\/santuariodharma.es\/index.php\/wp-json\/wp\/v2\/media\/2657"}],"wp:attachment":[{"href":"https:\/\/santuariodharma.es\/index.php\/wp-json\/wp\/v2\/media?parent=2698"}],"wp:term":[{"taxonomy":"product_brand","embeddable":true,"href":"https:\/\/santuariodharma.es\/index.php\/wp-json\/wp\/v2\/product_brand?post=2698"},{"taxonomy":"product_cat","embeddable":true,"href":"https:\/\/santuariodharma.es\/index.php\/wp-json\/wp\/v2\/product_cat?post=2698"},{"taxonomy":"product_tag","embeddable":true,"href":"https:\/\/santuariodharma.es\/index.php\/wp-json\/wp\/v2\/product_tag?post=2698"}],"curies":[{"name":"wp","href":"https:\/\/api.w.org\/{rel}","templated":true}]}}