{"id":2739,"date":"2025-05-29T18:34:52","date_gmt":"2025-05-29T18:34:52","guid":{"rendered":"https:\/\/santuariodharma.es\/?post_type=product&#038;p=2739"},"modified":"2025-12-10T14:07:09","modified_gmt":"2025-12-10T14:07:09","slug":"camiseta-oveja","status":"publish","type":"product","link":"https:\/\/santuariodharma.es\/index.php\/product\/camiseta-oveja\/","title":{"rendered":"Camiseta oveja"},"content":{"rendered":"<p>Camiseta solidaria con dise\u00f1o de oveja. Los beneficios ser\u00e1n \u00edntegramente destinados a los animales del refugio Santuario Dharma.<\/p>\n<p>IMPORTANTE<\/p>\n<p>Las prendas se realizan a demanda, por lo que pueden presentar diversas variaciones en lo que respecta a color y forma. Las fotograf\u00edas son orientativas, con el fin de visualizar el dise\u00f1o.<\/p>\n","protected":false},"excerpt":{"rendered":"<p>Camiseta solidaria con dise\u00f1o de oveja. Los beneficios ser\u00e1n destinados a los animales del Santuario Dharma.<\/p>\n","protected":false},"featured_media":2780,"comment_status":"open","ping_status":"closed","template":"","meta":{"_uag_custom_page_level_css":"","site-sidebar-layout":"default","site-content-layout":"","ast-site-content-layout":"default","site-content-style":"default","site-sidebar-style":"default","ast-global-header-display":"","ast-banner-title-visibility":"","ast-main-header-display":"","ast-hfb-above-header-display":"","ast-hfb-below-header-display":"","ast-hfb-mobile-header-display":"","site-post-title":"","ast-breadcrumbs-content":"","ast-featured-img":"","footer-sml-layout":"","theme-transparent-header-meta":"default","adv-header-id-meta":"","stick-header-meta":"","header-above-stick-meta":"","header-main-stick-meta":"","header-below-stick-meta":"","astra-migrate-meta-layouts":"set","ast-page-background-enabled":"default","ast-page-background-meta":{"desktop":{"background-color":"var(--ast-global-color-4)","background-image":"","background-repeat":"repeat","background-position":"center center","background-size":"auto","background-attachment":"scroll","background-type":"","background-media":"","overlay-type":"","overlay-color":"","overlay-opacity":"","overlay-gradient":""},"tablet":{"background-color":"","background-image":"","background-repeat":"repeat","background-position":"center center","background-size":"auto","background-attachment":"scroll","background-type":"","background-media":"","overlay-type":"","overlay-color":"","overlay-opacity":"","overlay-gradient":""},"mobile":{"background-color":"","background-image":"","background-repeat":"repeat","background-position":"center center","background-size":"auto","background-attachment":"scroll","background-type":"","background-media":"","overlay-type":"","overlay-color":"","overlay-opacity":"","overlay-gradient":""}},"ast-content-background-meta":{"desktop":{"background-color":"var(--ast-global-color-5)","background-image":"","background-repeat":"repeat","background-position":"center center","background-size":"auto","background-attachment":"scroll","background-type":"","background-media":"","overlay-type":"","overlay-color":"","overlay-opacity":"","overlay-gradient":""},"tablet":{"background-color":"var(--ast-global-color-5)","background-image":"","background-repeat":"repeat","background-position":"center center","background-size":"auto","background-attachment":"scroll","background-type":"","background-media":"","overlay-type":"","overlay-color":"","overlay-opacity":"","overlay-gradient":""},"mobile":{"background-color":"var(--ast-global-color-5)","background-image":"","background-repeat":"repeat","background-position":"center center","background-size":"auto","background-attachment":"scroll","background-type":"","background-media":"","overlay-type":"","overlay-color":"","overlay-opacity":"","overlay-gradient":""}}},"product_brand":[],"product_cat":[36],"product_tag":[26,38,53,46,39],"class_list":{"0":"post-2739","1":"product","2":"type-product","3":"status-publish","4":"has-post-thumbnail","6":"product_cat-ropa-solidaria","7":"product_tag-animales","8":"product_tag-camiseta","9":"product_tag-oveja","10":"product_tag-refugio","11":"product_tag-solidaria","12":"desktop-align-center","13":"tablet-align-left","14":"mobile-align-left","16":"first","17":"instock","18":"taxable","19":"shipping-taxable","20":"purchasable","21":"product-type-variable"},"yoast_head":"<!-- This site is optimized with the Yoast SEO plugin v26.0 - https:\/\/yoast.com\/wordpress\/plugins\/seo\/ -->\n<title>Camiseta oveja - Santuario Dharma<\/title>\n<meta name=\"description\" content=\"Camiseta solidaria de oveja: apoya nuestro santuario de animales con estilo y conciencia. Dise\u00f1o \u00fanico que refleja el compromiso con el bienestar animal. \u00a1\u00danete y ayuda!\" \/>\n<meta name=\"robots\" content=\"index, follow, max-snippet:-1, max-image-preview:large, max-video-preview:-1\" \/>\n<link rel=\"canonical\" href=\"https:\/\/santuariodharma.es\/index.php\/product\/camiseta-oveja\/\" \/>\n<meta property=\"og:locale\" content=\"es_ES\" \/>\n<meta property=\"og:type\" content=\"article\" \/>\n<meta property=\"og:title\" content=\"Camiseta oveja - Santuario Dharma\" \/>\n<meta property=\"og:description\" content=\"Camiseta solidaria de oveja: apoya nuestro santuario de animales con estilo y conciencia. Dise\u00f1o \u00fanico que refleja el compromiso con el bienestar animal. \u00a1\u00danete y ayuda!\" \/>\n<meta property=\"og:url\" content=\"https:\/\/santuariodharma.es\/index.php\/product\/camiseta-oveja\/\" \/>\n<meta property=\"og:site_name\" content=\"Santuario Dharma\" \/>\n<meta property=\"article:modified_time\" content=\"2025-12-10T14:07:09+00:00\" \/>\n<meta property=\"og:image\" content=\"http:\/\/santuariodharma.es\/wp-content\/uploads\/2025\/05\/mockup-of-an-oversized-tee-hanging-from-a-tree-m39840-5-703x1024.png\" \/>\n\t<meta property=\"og:image:width\" content=\"703\" \/>\n\t<meta property=\"og:image:height\" content=\"1024\" \/>\n\t<meta property=\"og:image:type\" content=\"image\/png\" \/>\n<meta name=\"twitter:card\" content=\"summary_large_image\" \/>\n<meta name=\"twitter:label1\" content=\"Tiempo de lectura\" \/>\n\t<meta name=\"twitter:data1\" content=\"1 minuto\" \/>\n<script type=\"application\/ld+json\" class=\"yoast-schema-graph\">{\"@context\":\"https:\/\/schema.org\",\"@graph\":[{\"@type\":\"WebPage\",\"@id\":\"https:\/\/santuariodharma.es\/index.php\/product\/camiseta-oveja\/\",\"url\":\"https:\/\/santuariodharma.es\/index.php\/product\/camiseta-oveja\/\",\"name\":\"Camiseta oveja - Santuario Dharma\",\"isPartOf\":{\"@id\":\"https:\/\/santuariodharma.es\/#website\"},\"primaryImageOfPage\":{\"@id\":\"https:\/\/santuariodharma.es\/index.php\/product\/camiseta-oveja\/#primaryimage\"},\"image\":{\"@id\":\"https:\/\/santuariodharma.es\/index.php\/product\/camiseta-oveja\/#primaryimage\"},\"thumbnailUrl\":\"https:\/\/santuariodharma.es\/wp-content\/uploads\/2025\/05\/mockup-of-an-oversized-tee-hanging-from-a-tree-m39840-5.png\",\"datePublished\":\"2025-05-29T18:34:52+00:00\",\"dateModified\":\"2025-12-10T14:07:09+00:00\",\"description\":\"Camiseta solidaria de oveja: apoya nuestro santuario de animales con estilo y conciencia. Dise\u00f1o \u00fanico que refleja el compromiso con el bienestar animal. \u00a1\u00danete y ayuda!\",\"breadcrumb\":{\"@id\":\"https:\/\/santuariodharma.es\/index.php\/product\/camiseta-oveja\/#breadcrumb\"},\"inLanguage\":\"es\",\"potentialAction\":[{\"@type\":\"ReadAction\",\"target\":[\"https:\/\/santuariodharma.es\/index.php\/product\/camiseta-oveja\/\"]}]},{\"@type\":\"ImageObject\",\"inLanguage\":\"es\",\"@id\":\"https:\/\/santuariodharma.es\/index.php\/product\/camiseta-oveja\/#primaryimage\",\"url\":\"https:\/\/santuariodharma.es\/wp-content\/uploads\/2025\/05\/mockup-of-an-oversized-tee-hanging-from-a-tree-m39840-5.png\",\"contentUrl\":\"https:\/\/santuariodharma.es\/wp-content\/uploads\/2025\/05\/mockup-of-an-oversized-tee-hanging-from-a-tree-m39840-5.png\",\"width\":2000,\"height\":2912},{\"@type\":\"BreadcrumbList\",\"@id\":\"https:\/\/santuariodharma.es\/index.php\/product\/camiseta-oveja\/#breadcrumb\",\"itemListElement\":[{\"@type\":\"ListItem\",\"position\":1,\"name\":\"Portada\",\"item\":\"https:\/\/santuariodharma.es\/\"},{\"@type\":\"ListItem\",\"position\":2,\"name\":\"Tienda solidaria\",\"item\":\"https:\/\/santuariodharma.es\/index.php\/shop\/\"},{\"@type\":\"ListItem\",\"position\":3,\"name\":\"Camiseta oveja\"}]},{\"@type\":\"WebSite\",\"@id\":\"https:\/\/santuariodharma.es\/#website\",\"url\":\"https:\/\/santuariodharma.es\/\",\"name\":\"Santuario Dharma\",\"description\":\"Santuario de animales\",\"publisher\":{\"@id\":\"https:\/\/santuariodharma.es\/#organization\"},\"potentialAction\":[{\"@type\":\"SearchAction\",\"target\":{\"@type\":\"EntryPoint\",\"urlTemplate\":\"https:\/\/santuariodharma.es\/?s={search_term_string}\"},\"query-input\":{\"@type\":\"PropertyValueSpecification\",\"valueRequired\":true,\"valueName\":\"search_term_string\"}}],\"inLanguage\":\"es\"},{\"@type\":\"Organization\",\"@id\":\"https:\/\/santuariodharma.es\/#organization\",\"name\":\"Santuario Dharma\",\"url\":\"https:\/\/santuariodharma.es\/\",\"logo\":{\"@type\":\"ImageObject\",\"inLanguage\":\"es\",\"@id\":\"https:\/\/santuariodharma.es\/#\/schema\/logo\/image\/\",\"url\":\"https:\/\/santuariodharma.es\/wp-content\/uploads\/2023\/06\/santuario-dharma-low-resolution-logo-black-on-transparent-background.png\",\"contentUrl\":\"https:\/\/santuariodharma.es\/wp-content\/uploads\/2023\/06\/santuario-dharma-low-resolution-logo-black-on-transparent-background.png\",\"width\":1000,\"height\":270,\"caption\":\"Santuario Dharma\"},\"image\":{\"@id\":\"https:\/\/santuariodharma.es\/#\/schema\/logo\/image\/\"}}]}<\/script>\n<!-- \/ Yoast SEO plugin. -->","yoast_head_json":{"title":"Camiseta oveja - Santuario Dharma","description":"Camiseta solidaria de oveja: apoya nuestro santuario de animales con estilo y conciencia. Dise\u00f1o \u00fanico que refleja el compromiso con el bienestar animal. \u00a1\u00danete y ayuda!","robots":{"index":"index","follow":"follow","max-snippet":"max-snippet:-1","max-image-preview":"max-image-preview:large","max-video-preview":"max-video-preview:-1"},"canonical":"https:\/\/santuariodharma.es\/index.php\/product\/camiseta-oveja\/","og_locale":"es_ES","og_type":"article","og_title":"Camiseta oveja - Santuario Dharma","og_description":"Camiseta solidaria de oveja: apoya nuestro santuario de animales con estilo y conciencia. Dise\u00f1o \u00fanico que refleja el compromiso con el bienestar animal. \u00a1\u00danete y ayuda!","og_url":"https:\/\/santuariodharma.es\/index.php\/product\/camiseta-oveja\/","og_site_name":"Santuario Dharma","article_modified_time":"2025-12-10T14:07:09+00:00","og_image":[{"width":703,"height":1024,"url":"http:\/\/santuariodharma.es\/wp-content\/uploads\/2025\/05\/mockup-of-an-oversized-tee-hanging-from-a-tree-m39840-5-703x1024.png","type":"image\/png"}],"twitter_card":"summary_large_image","twitter_misc":{"Tiempo de lectura":"1 minuto"},"schema":{"@context":"https:\/\/schema.org","@graph":[{"@type":"WebPage","@id":"https:\/\/santuariodharma.es\/index.php\/product\/camiseta-oveja\/","url":"https:\/\/santuariodharma.es\/index.php\/product\/camiseta-oveja\/","name":"Camiseta oveja - Santuario Dharma","isPartOf":{"@id":"https:\/\/santuariodharma.es\/#website"},"primaryImageOfPage":{"@id":"https:\/\/santuariodharma.es\/index.php\/product\/camiseta-oveja\/#primaryimage"},"image":{"@id":"https:\/\/santuariodharma.es\/index.php\/product\/camiseta-oveja\/#primaryimage"},"thumbnailUrl":"https:\/\/santuariodharma.es\/wp-content\/uploads\/2025\/05\/mockup-of-an-oversized-tee-hanging-from-a-tree-m39840-5.png","datePublished":"2025-05-29T18:34:52+00:00","dateModified":"2025-12-10T14:07:09+00:00","description":"Camiseta solidaria de oveja: apoya nuestro santuario de animales con estilo y conciencia. Dise\u00f1o \u00fanico que refleja el compromiso con el bienestar animal. \u00a1\u00danete y ayuda!","breadcrumb":{"@id":"https:\/\/santuariodharma.es\/index.php\/product\/camiseta-oveja\/#breadcrumb"},"inLanguage":"es","potentialAction":[{"@type":"ReadAction","target":["https:\/\/santuariodharma.es\/index.php\/product\/camiseta-oveja\/"]}]},{"@type":"ImageObject","inLanguage":"es","@id":"https:\/\/santuariodharma.es\/index.php\/product\/camiseta-oveja\/#primaryimage","url":"https:\/\/santuariodharma.es\/wp-content\/uploads\/2025\/05\/mockup-of-an-oversized-tee-hanging-from-a-tree-m39840-5.png","contentUrl":"https:\/\/santuariodharma.es\/wp-content\/uploads\/2025\/05\/mockup-of-an-oversized-tee-hanging-from-a-tree-m39840-5.png","width":2000,"height":2912},{"@type":"BreadcrumbList","@id":"https:\/\/santuariodharma.es\/index.php\/product\/camiseta-oveja\/#breadcrumb","itemListElement":[{"@type":"ListItem","position":1,"name":"Portada","item":"https:\/\/santuariodharma.es\/"},{"@type":"ListItem","position":2,"name":"Tienda solidaria","item":"https:\/\/santuariodharma.es\/index.php\/shop\/"},{"@type":"ListItem","position":3,"name":"Camiseta oveja"}]},{"@type":"WebSite","@id":"https:\/\/santuariodharma.es\/#website","url":"https:\/\/santuariodharma.es\/","name":"Santuario Dharma","description":"Santuario de animales","publisher":{"@id":"https:\/\/santuariodharma.es\/#organization"},"potentialAction":[{"@type":"SearchAction","target":{"@type":"EntryPoint","urlTemplate":"https:\/\/santuariodharma.es\/?s={search_term_string}"},"query-input":{"@type":"PropertyValueSpecification","valueRequired":true,"valueName":"search_term_string"}}],"inLanguage":"es"},{"@type":"Organization","@id":"https:\/\/santuariodharma.es\/#organization","name":"Santuario Dharma","url":"https:\/\/santuariodharma.es\/","logo":{"@type":"ImageObject","inLanguage":"es","@id":"https:\/\/santuariodharma.es\/#\/schema\/logo\/image\/","url":"https:\/\/santuariodharma.es\/wp-content\/uploads\/2023\/06\/santuario-dharma-low-resolution-logo-black-on-transparent-background.png","contentUrl":"https:\/\/santuariodharma.es\/wp-content\/uploads\/2023\/06\/santuario-dharma-low-resolution-logo-black-on-transparent-background.png","width":1000,"height":270,"caption":"Santuario Dharma"},"image":{"@id":"https:\/\/santuariodharma.es\/#\/schema\/logo\/image\/"}}]}},"uagb_featured_image_src":{"full":["https:\/\/santuariodharma.es\/wp-content\/uploads\/2025\/05\/mockup-of-an-oversized-tee-hanging-from-a-tree-m39840-5.png",2000,2912,false],"thumbnail":["https:\/\/santuariodharma.es\/wp-content\/uploads\/2025\/05\/mockup-of-an-oversized-tee-hanging-from-a-tree-m39840-5-150x150.png",150,150,true],"medium":["https:\/\/santuariodharma.es\/wp-content\/uploads\/2025\/05\/mockup-of-an-oversized-tee-hanging-from-a-tree-m39840-5-206x300.png",206,300,true],"medium_large":["https:\/\/santuariodharma.es\/wp-content\/uploads\/2025\/05\/mockup-of-an-oversized-tee-hanging-from-a-tree-m39840-5-768x1118.png",768,1118,true],"large":["https:\/\/santuariodharma.es\/wp-content\/uploads\/2025\/05\/mockup-of-an-oversized-tee-hanging-from-a-tree-m39840-5-703x1024.png",703,1024,true],"1536x1536":["https:\/\/santuariodharma.es\/wp-content\/uploads\/2025\/05\/mockup-of-an-oversized-tee-hanging-from-a-tree-m39840-5-1055x1536.png",1055,1536,true],"2048x2048":["https:\/\/santuariodharma.es\/wp-content\/uploads\/2025\/05\/mockup-of-an-oversized-tee-hanging-from-a-tree-m39840-5-1407x2048.png",1407,2048,true],"mailpoet_newsletter_max":["https:\/\/santuariodharma.es\/wp-content\/uploads\/2025\/05\/mockup-of-an-oversized-tee-hanging-from-a-tree-m39840-5-1320x1922.png",1320,1922,true],"woocommerce_thumbnail":["https:\/\/santuariodharma.es\/wp-content\/uploads\/2025\/05\/mockup-of-an-oversized-tee-hanging-from-a-tree-m39840-5-300x300.png",300,300,true],"woocommerce_single":["https:\/\/santuariodharma.es\/wp-content\/uploads\/2025\/05\/mockup-of-an-oversized-tee-hanging-from-a-tree-m39840-5-600x874.png",600,874,true],"woocommerce_gallery_thumbnail":["https:\/\/santuariodharma.es\/wp-content\/uploads\/2025\/05\/mockup-of-an-oversized-tee-hanging-from-a-tree-m39840-5-100x100.png",100,100,true]},"uagb_author_info":{"display_name":"santuariodharma.es","author_link":"https:\/\/santuariodharma.es\/index.php\/author\/"},"uagb_comment_info":0,"uagb_excerpt":"Camiseta solidaria con dise\u00f1o de oveja. Los beneficios ser\u00e1n destinados a los animales del Santuario Dharma.","jetpack_sharing_enabled":true,"_links":{"self":[{"href":"https:\/\/santuariodharma.es\/index.php\/wp-json\/wp\/v2\/product\/2739","targetHints":{"allow":["GET"]}}],"collection":[{"href":"https:\/\/santuariodharma.es\/index.php\/wp-json\/wp\/v2\/product"}],"about":[{"href":"https:\/\/santuariodharma.es\/index.php\/wp-json\/wp\/v2\/types\/product"}],"replies":[{"embeddable":true,"href":"https:\/\/santuariodharma.es\/index.php\/wp-json\/wp\/v2\/comments?post=2739"}],"wp:featuredmedia":[{"embeddable":true,"href":"https:\/\/santuariodharma.es\/index.php\/wp-json\/wp\/v2\/media\/2780"}],"wp:attachment":[{"href":"https:\/\/santuariodharma.es\/index.php\/wp-json\/wp\/v2\/media?parent=2739"}],"wp:term":[{"taxonomy":"product_brand","embeddable":true,"href":"https:\/\/santuariodharma.es\/index.php\/wp-json\/wp\/v2\/product_brand?post=2739"},{"taxonomy":"product_cat","embeddable":true,"href":"https:\/\/santuariodharma.es\/index.php\/wp-json\/wp\/v2\/product_cat?post=2739"},{"taxonomy":"product_tag","embeddable":true,"href":"https:\/\/santuariodharma.es\/index.php\/wp-json\/wp\/v2\/product_tag?post=2739"}],"curies":[{"name":"wp","href":"https:\/\/api.w.org\/{rel}","templated":true}]}}